{"id":13,"date":"2026-03-10T17:12:19","date_gmt":"2026-03-10T17:12:19","guid":{"rendered":"https:\/\/waas-demo-divi.nf.hu\/?page_id=13"},"modified":"2026-03-10T17:12:19","modified_gmt":"2026-03-10T17:12:19","slug":"termekek","status":"publish","type":"page","link":"https:\/\/waas-demo-divi.nf.hu\/index.php\/termekek\/","title":{"rendered":"Term\u00e9kek"},"content":{"rendered":"<div class=\"et_pb_section_0 et_pb_section et_section_regular et_block_section preset--module--divi-section--_module_preset=\"><div class=\"et_pb_row_0 et_pb_row et_block_row preset--module--divi-row--5138c454-be54-4233-bd3b-f8e6a8747976\"><div class=\"et_pb_column_0 et_pb_column et_pb_column_2_3 et_block_column et_pb_css_mix_blend_mode_passthrough preset--module--divi-column--73121f80-a3ef-4484-8763-c3f18e3c56d2\"><div class=\"et_pb_heading_0 et_pb_heading et_pb_module et_flex_module preset--module--divi-heading--f0c675ea-2574-4d0e-b725-30f8550a8550\"><div class=\"et_pb_heading_container\"><h4 class=\"et_pb_module_header\">Kieg\u00e9sz\u00edt\u0151 Term\u00e9kek az Optim\u00e1lis Ter\u00e1pi\u00e1\u00e9rt<\/h4><\/div><\/div><div class=\"et_pb_heading_1 et_pb_heading et_pb_module et_flex_module preset--module--divi-heading--ddeb8c09-9078-4424-bc15-2efb6572e28e\"><div class=\"et_pb_heading_container\"><h1 class=\"et_pb_module_header\">Fedezze Fel a L\u00e9zerter\u00e1pia Hat\u00e9konys\u00e1g\u00e1t Fokoz\u00f3 Kieg\u00e9sz\u00edt\u0151ket<\/h1><\/div><\/div><div class=\"et_pb_text_0 et_pb_text et_pb_bg_layout_light et_pb_module et_flex_module preset--module--divi-text--0504de1e-f5ff-4281-ba60-cbbe4edf98bc\"><div class=\"et_pb_text_inner\"><p>Fedezze fel, hogyan seg\u00edthetnek a vitaminok, gy\u00f3gyn\u00f6v\u00e9nyek \u00e9s t\u00e1pl\u00e1l\u00e9kkieg\u00e9sz\u00edt\u0151k a l\u00e9zerter\u00e1pia hat\u00e9konys\u00e1g\u00e1nak maximaliz\u00e1l\u00e1s\u00e1ban.<\/p>\n<\/div><\/div><div class=\"et_pb_module et_pb_button_module_wrapper et_pb_button_0_wrapper preset--module--divi-button--default_wrapper\"><a class=\"et_pb_button_0 et_pb_button et_pb_bg_layout_light et_pb_module et_flex_module preset--module--divi-button--default\" href=\"\">Tudjon Meg T\u00f6bbet<\/a><\/div><\/div><div class=\"et_pb_column_1 et_pb_column et_pb_column_1_3 et-last-child et_block_column et_pb_column_empty et_pb_css_mix_blend_mode_passthrough preset--module--divi-column--73121f80-a3ef-4484-8763-c3f18e3c56d2\"><\/div><\/div><\/div><div class=\"et_pb_section_1 et_pb_section et_section_regular et_block_section\"><div class=\"et_pb_row_1 et_pb_row et_block_row preset--module--divi-row--5138c454-be54-4233-bd3b-f8e6a8747976\"><div class=\"et_pb_column_2 et_pb_column et_pb_column_4_4 et-last-child et_block_column et_pb_css_mix_blend_mode_passthrough preset--module--divi-column--73121f80-a3ef-4484-8763-c3f18e3c56d2\"><div class=\"et_pb_heading_2 et_pb_heading et_pb_module et_flex_module preset--module--divi-heading--default\"><div class=\"et_pb_heading_container\"><h2 class=\"et_pb_module_header\">Kiemelt El\u0151ny\u00f6k<\/h2><\/div><\/div><\/div><\/div><div class=\"et_pb_row_2 et_pb_row et_pb_equal_columns et_block_row preset--module--divi-row--5138c454-be54-4233-bd3b-f8e6a8747976\"><div class=\"et_pb_column_3 et_pb_column et_pb_column_1_3 et_block_column et_pb_css_mix_blend_mode_passthrough preset--module--divi-column--50607da8-57bc-4d4b-aaef-f02e41c2cc4a\"><div class=\"et_pb_blurb_0 et_pb_blurb et_pb_bg_layout_light et_pb_text_align_center et_pb_blurb_position_top et_pb_module et_flex_module preset--module--divi-blurb--212b201d-2c34-41bd-936c-851b7357d08b\"><div class=\"et_pb_blurb_content et_flex_module\"><div class=\"et_pb_main_blurb_image\"><span class=\"et_pb_image_wrap\"><span class=\"et-pb-icon\">\uf785<\/span><\/span><\/div><div class=\"et_pb_blurb_container\"><h4 class=\"et_pb_module_header\">Fokozott Hat\u00e9konys\u00e1g<\/h4><div class=\"et_pb_blurb_description\"><p>A megfelel\u0151 kieg\u00e9sz\u00edt\u0151k haszn\u00e1lata n\u00f6veli a l\u00e9zerter\u00e1pia hat\u00e9konys\u00e1g\u00e1t, gyorsabb eredm\u00e9nyeket biztos\u00edtva.<\/p>\n<\/div><\/div><\/div><\/div><\/div><div class=\"et_pb_column_4 et_pb_column et_pb_column_1_3 et_block_column et_pb_css_mix_blend_mode_passthrough preset--module--divi-column--50607da8-57bc-4d4b-aaef-f02e41c2cc4a\"><div class=\"et_pb_blurb_1 et_pb_blurb et_pb_bg_layout_light et_pb_text_align_center et_pb_blurb_position_top et_pb_module et_flex_module preset--module--divi-blurb--212b201d-2c34-41bd-936c-851b7357d08b\"><div class=\"et_pb_blurb_content et_flex_module\"><div class=\"et_pb_main_blurb_image\"><span class=\"et_pb_image_wrap\"><span class=\"et-pb-icon\">\uf46b<\/span><\/span><\/div><div class=\"et_pb_blurb_container\"><h4 class=\"et_pb_module_header\">Term\u00e9szetes \u00d6sszetev\u0151k<\/h4><div class=\"et_pb_blurb_description\"><p>Vitaminok \u00e9s gy\u00f3gyn\u00f6v\u00e9nyek term\u00e9szetes m\u00f3don t\u00e1mogatj\u00e1k a szervezet regener\u00e1ci\u00f3j\u00e1t.<\/p>\n<\/div><\/div><\/div><\/div><\/div><div class=\"et_pb_column_5 et_pb_column et_pb_column_1_3 et-last-child et_block_column et_pb_css_mix_blend_mode_passthrough preset--module--divi-column--50607da8-57bc-4d4b-aaef-f02e41c2cc4a\"><div class=\"et_pb_blurb_2 et_pb_blurb et_pb_bg_layout_light et_pb_text_align_center et_pb_blurb_position_top et_pb_module et_flex_module preset--module--divi-blurb--212b201d-2c34-41bd-936c-851b7357d08b\"><div class=\"et_pb_blurb_content et_flex_module\"><div class=\"et_pb_main_blurb_image\"><span class=\"et_pb_image_wrap\"><span class=\"et-pb-icon\">\uf259<\/span><\/span><\/div><div class=\"et_pb_blurb_container\"><h4 class=\"et_pb_module_header\">Stresszkezel\u00e9s<\/h4><div class=\"et_pb_blurb_description\"><p>Seg\u00edtenek a stressz cs\u00f6kkent\u00e9s\u00e9ben, amely gyakran a f\u00e1jdalom \u00e9s mozg\u00e1si probl\u00e9m\u00e1k forr\u00e1sa.<\/p>\n<\/div><\/div><\/div><\/div><\/div><\/div><\/div><div class=\"et_pb_section_2 et_pb_section et_section_regular et_block_section\"><div class=\"et_pb_row_3 et_pb_row et_block_row\"><div class=\"et_pb_column_6 et_pb_column et_pb_column_4_4 et-last-child et_block_column et_pb_css_mix_blend_mode_passthrough\"><div class=\"et_pb_heading_3 et_pb_heading et_pb_module et_flex_module preset--module--divi-heading--default\"><div class=\"et_pb_heading_container\"><h2 class=\"et_pb_module_header\">Term\u00e9k \u00d6sszehasonl\u00edt\u00e1s<\/h2><\/div><\/div><\/div><\/div><div class=\"et_pb_row_4 et_pb_row et_block_row\"><div class=\"et_pb_column_7 et_pb_column et_pb_column_1_2 et_block_column et_pb_css_mix_blend_mode_passthrough preset--module--divi-column--abf3c322-b168-4918-b3da-edbf076632f5\"><div class=\"et_pb_image_0 et_pb_image et_pb_module et_flex_module preset--module--divi-image--default\"><span class=\"et_pb_image_wrap\"><img decoding=\"async\" src=\"https:\/\/waas-demo-divi.nf.hu\/wp-content\/uploads\/2026\/03\/0-5e9066a2-15da-49e1-a017-ad9e1c64831a-800x600.jpg\" title=\"800x600\" \/><\/span><\/div><div class=\"et_pb_heading_4 et_pb_heading et_pb_module et_flex_module preset--module--divi-heading--ba4a6336-701f-47b8-bf5c-09da0ce28016\"><div class=\"et_pb_heading_container\"><h3 class=\"et_pb_module_header\">C-vitamin Komplex<\/h3><\/div><\/div><div class=\"et_pb_text_1 et_pb_text et_pb_bg_layout_light et_pb_module et_flex_module preset--module--divi-text--default\"><div class=\"et_pb_text_inner\"><p>Er\u0151s antioxid\u00e1ns, amely t\u00e1mogatja az immunrendszert \u00e9s el\u0151seg\u00edti a gy\u00f3gyul\u00e1st.<\/p>\n<\/div><\/div><div class=\"et_pb_blurb_3 et_pb_blurb et_pb_bg_layout_light et_pb_blurb_position_left et_pb_module et_flex_module preset--module--divi-blurb--1ea53d41-9439-472c-8d8b-7bddb3bf9444\"><div class=\"et_pb_blurb_content et_flex_module\"><div class=\"et_pb_main_blurb_image\"><span class=\"et_pb_image_wrap\"><span class=\"et-pb-icon\">\uf598<\/span><\/span><\/div><div class=\"et_pb_blurb_container\"><h4 class=\"et_pb_module_header\">Gyullad\u00e1scs\u00f6kkent\u0151 Hat\u00e1s<\/h4><\/div><\/div><\/div><div class=\"et_pb_blurb_4 et_pb_blurb et_pb_bg_layout_light et_pb_blurb_position_left et_pb_module et_flex_module preset--module--divi-blurb--1ea53d41-9439-472c-8d8b-7bddb3bf9444\"><div class=\"et_pb_blurb_content et_flex_module\"><div class=\"et_pb_main_blurb_image\"><span class=\"et_pb_image_wrap\"><span class=\"et-pb-icon\">\ue06c<\/span><\/span><\/div><div class=\"et_pb_blurb_container\"><h4 class=\"et_pb_module_header\">Immunrendszer T\u00e1mogat\u00e1s<\/h4><\/div><\/div><\/div><div class=\"et_pb_blurb_5 et_pb_blurb et_pb_bg_layout_light et_pb_blurb_position_left et_pb_module et_flex_module preset--module--divi-blurb--1ea53d41-9439-472c-8d8b-7bddb3bf9444\"><div class=\"et_pb_blurb_content et_flex_module\"><div class=\"et_pb_main_blurb_image\"><span class=\"et_pb_image_wrap\"><span class=\"et-pb-icon\">\uf0f1<\/span><\/span><\/div><div class=\"et_pb_blurb_container\"><h4 class=\"et_pb_module_header\">B\u0151r Regener\u00e1l\u00e1s<\/h4><\/div><\/div><\/div><div class=\"et_pb_blurb_6 et_pb_blurb et_pb_bg_layout_light et_pb_blurb_position_left et_pb_module et_flex_module preset--module--divi-blurb--1ea53d41-9439-472c-8d8b-7bddb3bf9444\"><div class=\"et_pb_blurb_content et_flex_module\"><div class=\"et_pb_main_blurb_image\"><span class=\"et_pb_image_wrap\"><span class=\"et-pb-icon\">\ue012<\/span><\/span><\/div><div class=\"et_pb_blurb_container\"><h4 class=\"et_pb_module_header\">Energia N\u00f6vel\u00e9s<\/h4><\/div><\/div><\/div><div class=\"et_pb_module et_pb_button_module_wrapper et_pb_button_1_wrapper preset--module--divi-button--1bffc0fc-42a0-49d1-bd9a-ae3ade2d7206_wrapper\"><a class=\"et_pb_button_1 et_pb_button et_pb_bg_layout_light et_pb_module et_flex_module preset--module--divi-button--1bffc0fc-42a0-49d1-bd9a-ae3ade2d7206\" href=\"\">R\u00e9szletek<\/a><\/div><\/div><div class=\"et_pb_column_8 et_pb_column et_pb_column_1_2 et-last-child et_block_column et_pb_css_mix_blend_mode_passthrough preset--module--divi-column--abf3c322-b168-4918-b3da-edbf076632f5\"><div class=\"et_pb_image_1 et_pb_image et_pb_module et_flex_module preset--module--divi-image--default\"><span class=\"et_pb_image_wrap\"><img decoding=\"async\" src=\"https:\/\/waas-demo-divi.nf.hu\/wp-content\/uploads\/2026\/03\/0-64afd9f0-6f1a-481f-a483-d113f138fe3c-800x600.jpg\" title=\"800x600\" \/><\/span><\/div><div class=\"et_pb_heading_5 et_pb_heading et_pb_module et_flex_module preset--module--divi-heading--ba4a6336-701f-47b8-bf5c-09da0ce28016\"><div class=\"et_pb_heading_container\"><h3 class=\"et_pb_module_header\">Omega-3 Halolaj<\/h3><\/div><\/div><div class=\"et_pb_text_2 et_pb_text et_pb_bg_layout_light et_pb_module et_flex_module preset--module--divi-text--default\"><div class=\"et_pb_text_inner\"><p>Esszenci\u00e1lis zs\u00edrsavak, amelyek seg\u00edtenek a gyullad\u00e1s cs\u00f6kkent\u00e9s\u00e9ben \u00e9s a sz\u00edv eg\u00e9szs\u00e9g\u00e9nek meg\u0151rz\u00e9s\u00e9ben.<\/p>\n<\/div><\/div><div class=\"et_pb_blurb_7 et_pb_blurb et_pb_bg_layout_light et_pb_blurb_position_left et_pb_module et_flex_module preset--module--divi-blurb--1ea53d41-9439-472c-8d8b-7bddb3bf9444\"><div class=\"et_pb_blurb_content et_flex_module\"><div class=\"et_pb_main_blurb_image\"><span class=\"et_pb_image_wrap\"><span class=\"et-pb-icon\">\uf21e<\/span><\/span><\/div><div class=\"et_pb_blurb_container\"><h4 class=\"et_pb_module_header\">Sz\u00edv Eg\u00e9szs\u00e9g<\/h4><\/div><\/div><\/div><div class=\"et_pb_blurb_8 et_pb_blurb et_pb_bg_layout_light et_pb_blurb_position_left et_pb_module et_flex_module preset--module--divi-blurb--1ea53d41-9439-472c-8d8b-7bddb3bf9444\"><div class=\"et_pb_blurb_content et_flex_module\"><div class=\"et_pb_main_blurb_image\"><span class=\"et_pb_image_wrap\"><span class=\"et-pb-icon\">\uf0fa<\/span><\/span><\/div><div class=\"et_pb_blurb_container\"><h4 class=\"et_pb_module_header\">Gyullad\u00e1scs\u00f6kkent\u00e9s<\/h4><\/div><\/div><\/div><div class=\"et_pb_blurb_9 et_pb_blurb et_pb_bg_layout_light et_pb_blurb_position_left et_pb_module et_flex_module preset--module--divi-blurb--1ea53d41-9439-472c-8d8b-7bddb3bf9444\"><div class=\"et_pb_blurb_content et_flex_module\"><div class=\"et_pb_main_blurb_image\"><span class=\"et_pb_image_wrap\"><span class=\"et-pb-icon\">\uf484<\/span><\/span><\/div><div class=\"et_pb_blurb_container\"><h4 class=\"et_pb_module_header\">Agyfunkci\u00f3 T\u00e1mogat\u00e1s<\/h4><\/div><\/div><\/div><div class=\"et_pb_blurb_10 et_pb_blurb et_pb_bg_layout_light et_pb_blurb_position_left et_pb_module et_flex_module preset--module--divi-blurb--1ea53d41-9439-472c-8d8b-7bddb3bf9444\"><div class=\"et_pb_blurb_content et_flex_module\"><div class=\"et_pb_main_blurb_image\"><span class=\"et_pb_image_wrap\"><span class=\"et-pb-icon\">\ue012<\/span><\/span><\/div><div class=\"et_pb_blurb_container\"><h4 class=\"et_pb_module_header\">\u00cdz\u00fcleti Eg\u00e9szs\u00e9g<\/h4><\/div><\/div><\/div><div class=\"et_pb_module et_pb_button_module_wrapper et_pb_button_2_wrapper preset--module--divi-button--1bffc0fc-42a0-49d1-bd9a-ae3ade2d7206_wrapper\"><a class=\"et_pb_button_2 et_pb_button et_pb_bg_layout_light et_pb_module et_flex_module preset--module--divi-button--1bffc0fc-42a0-49d1-bd9a-ae3ade2d7206\" href=\"\">R\u00e9szletek<\/a><\/div><\/div><\/div><\/div><div class=\"et_pb_section_3 et_pb_section et_section_regular et_block_section\"><div class=\"et_pb_row_5 et_pb_row et_block_row preset--module--divi-row--5138c454-be54-4233-bd3b-f8e6a8747976\"><div class=\"et_pb_column_9 et_pb_column et_pb_column_4_4 et-last-child et_block_column et_pb_css_mix_blend_mode_passthrough preset--module--divi-column--73121f80-a3ef-4484-8763-c3f18e3c56d2\"><div class=\"et_pb_slider_0 et_pb_slider et_pb_slider_fullwidth_off et_pb_module et_flex_module preset--module--divi-slider--a0d0e114-2915-4078-81e1-4574521ea79b\"><div class=\"et_pb_slides\"><div class=\"et_pb_slide_0 et_pb_slide et_pb_media_alignment_center et_pb_bg_layout_dark et_pb_text_align_center\" data-slide-id=\"divi\/slide-0\"><div class=\"et_pb_container\"><div class=\"et_pb_slider_container_inner\"><div class=\"et_pb_slide_description et_flex_module\"><div class=\"et_pb_slide_content\"><p>Kov\u00e1cs Anna<\/p>\n<\/div><\/div><\/div><\/div><\/div><div class=\"et_pb_slide_1 et_pb_slide et_pb_media_alignment_center et_pb_bg_layout_dark et_pb_text_align_center\" data-slide-id=\"divi\/slide-1\"><div class=\"et_pb_container\"><div class=\"et_pb_slider_container_inner\"><div class=\"et_pb_slide_description et_flex_module\"><div class=\"et_pb_slide_content\"><p>Szab\u00f3 P\u00e9ter<\/p>\n<\/div><\/div><\/div><\/div><\/div><div class=\"et_pb_slide_2 et_pb_slide et_pb_media_alignment_center et_pb_bg_layout_dark et_pb_text_align_center\" data-slide-id=\"divi\/slide-2\"><div class=\"et_pb_container\"><div class=\"et_pb_slider_container_inner\"><div class=\"et_pb_slide_description et_flex_module\"><div class=\"et_pb_slide_content\"><p>Nagy \u00c9va<\/p>\n<\/div><\/div><\/div><\/div><\/div><div class=\"et_pb_slide_3 et_pb_slide et_pb_media_alignment_center et_pb_bg_layout_dark et_pb_text_align_center\" data-slide-id=\"divi\/slide-3\"><div class=\"et_pb_container\"><div class=\"et_pb_slider_container_inner\"><div class=\"et_pb_slide_description et_flex_module\"><div class=\"et_pb_slide_content\"><p>T\u00f3th L\u00e1szl\u00f3<\/p>\n<\/div><\/div><\/div><\/div><\/div><\/div><\/div><\/div><\/div><\/div><div class=\"et_pb_section_4 et_pb_section et_section_regular et_block_section\"><div class=\"et_pb_row_6 et_pb_row et_block_row\"><div class=\"et_pb_column_10 et_pb_column et_pb_column_4_4 et-last-child et_block_column et_pb_css_mix_blend_mode_passthrough\"><div class=\"et_pb_heading_6 et_pb_heading et_pb_module et_flex_module preset--module--divi-heading--default\"><div class=\"et_pb_heading_container\"><h2 class=\"et_pb_module_header\">Fedezze fel a vitaminok \u00e9s gy\u00f3gyn\u00f6v\u00e9nyek el\u0151nyeit a l\u00e9zerter\u00e1pi\u00e1ban<\/h2><\/div><\/div><div class=\"et_pb_post_slider_0 et_pb_post_slider et_pb_bg_layout_dark et_pb_slider et_pb_slider_fullwidth_off et_pb_post_slider_image_background et_pb_slider_with_overlay et_pb_module et_flex_module preset--module--divi-post-slider--ff5b0c90-99d5-45b1-b0c2-5b4e7eeac0dd\"><div class=\"et_pb_slides\"><div class=\"et_pb_slide et_pb_slide_with_no_image et_pb_post_slide-1\" style=\"background-image:\"><div class=\"et_pb_slide_overlay_container\"><\/div><div class=\"et_pb_container clearfix\"><div class=\"et_pb_slider_container_inner\"><div class=\"et_pb_slide_description\"><h2 class=\"et_pb_slide_title\"><a href=\"https:\/\/waas-demo-divi.nf.hu\/index.php\/2026\/03\/05\/hello-world\/\">Hello world!<\/a><\/h2><div class=\"et_pb_slide_content\"><p class=\"post-meta\">Szerz\u0151: <span class=\"author vcard\"><a href=\"https:\/\/waas-demo-divi.nf.hu\/index.php\/author\/axonadmin\/\" title=\"Bejegyz\u00e9sek admin szerz\u0151t\u0151l\" rel=\"author\">admin<\/a><\/span> | <span class=\"published\">m\u00e1rcius 5, 2026<\/span> | <a href=\"https:\/\/waas-demo-divi.nf.hu\/index.php\/category\/uncategorized\/\" rel=\"category tag\">Uncategorized<\/a> | 1 hozz\u00e1sz\u00f3l\u00e1s<\/p><div class=\"et_pb_slide_content_body\"><p>Welcome to WordPress. This is your first post. Edit or delete it, then start writing!<\/p>\n<\/div><\/div><div class=\"et_pb_button_wrapper\"><a class=\"et_pb_button et_pb_more_button\" href=\"https:\/\/waas-demo-divi.nf.hu\/index.php\/2026\/03\/05\/hello-world\/\">Read More<\/a><\/div><\/div><\/div><\/div><\/div><\/div><\/div><\/div><\/div><div class=\"et_pb_row_7 et_pb_row et_block_row preset--module--divi-row--5138c454-be54-4233-bd3b-f8e6a8747976\"><div class=\"et_pb_column_11 et_pb_column et_pb_column_4_4 et-last-child et_block_column et_pb_css_mix_blend_mode_passthrough preset--module--divi-column--73121f80-a3ef-4484-8763-c3f18e3c56d2\"><div class=\"et_pb_blog_0 et_pb_blog et_pb_bg_layout_light et_pb_posts et_pb_module preset--module--divi-blog--default\"><div class=\"entry\">\n\t<h1 class=\"not-found-title\">Nincs Tal\u00e1lat<\/h1>\n\t<p>A k\u00e9rt oldal nem tal\u00e1lhat\u00f3. Pr\u00f3b\u00e1ld pontos\u00edtani a keres\u00e9st, vagy haszn\u00e1ld a fenti navig\u00e1ci\u00f3t a bejegyz\u00e9s megkeres\u00e9s\u00e9hez.<\/p>\n<\/div>\n<\/div><\/div><\/div><\/div><div class=\"et_pb_section_5 et_pb_section et_section_regular et_block_section\"><div class=\"et_pb_row_8 et_pb_row et_block_row preset--module--divi-row--5138c454-be54-4233-bd3b-f8e6a8747976\"><div class=\"et_pb_column_12 et_pb_column et_pb_column_4_4 et-last-child et_block_column et_pb_css_mix_blend_mode_passthrough preset--module--divi-column--73121f80-a3ef-4484-8763-c3f18e3c56d2\"><div class=\"et_pb_heading_7 et_pb_heading et_pb_module et_flex_module preset--module--divi-heading--default\"><div class=\"et_pb_heading_container\"><h2 class=\"et_pb_module_header\">Gyakran Ism\u00e9telt K\u00e9rd\u00e9sek a T\u00e1pl\u00e1l\u00e9kkieg\u00e9sz\u00edt\u0151kr\u0151l<\/h2><\/div><\/div><div class=\"et_pb_text_3 et_pb_text et_pb_bg_layout_light et_pb_module et_flex_module et_pb_text_align_center preset--module--divi-text--default\"><div class=\"et_pb_text_inner\"><p>Fedezze fel, hogyan seg\u00edthetnek a t\u00e1pl\u00e1l\u00e9kkieg\u00e9sz\u00edt\u0151k a l\u00e9zerter\u00e1pia hat\u00e9konys\u00e1g\u00e1nak n\u00f6vel\u00e9s\u00e9ben.<\/p>\n<\/div><\/div><div class=\"et_pb_accordion_0 et_pb_accordion et_pb_module et_flex_module preset--module--divi-accordion--default\"><div class=\"et_pb_accordion_item_0 et_pb_accordion_item et_pb_toggle et_pb_module et_pb_toggle_open et_flex_module preset--module--divi-accordion-item--550abe5c-b505-4d6b-adc7-570bd7cc1217\"><h5 class=\"et_pb_toggle_title\">Milyen vitaminokat \u00e9rdemes szedni l\u00e9zerter\u00e1pia mellett?<\/h5><div class=\"et_pb_toggle_content et_flex_module\"><p>Az A-, C- \u00e9s E-vitaminok k\u00fcl\u00f6n\u00f6sen hasznosak lehetnek, mivel t\u00e1mogatj\u00e1k a sejtek regener\u00e1l\u00f3d\u00e1s\u00e1t \u00e9s az immunrendszer m\u0171k\u00f6d\u00e9s\u00e9t.<\/p>\n<\/div><\/div><div class=\"et_pb_accordion_item_1 et_pb_accordion_item et_pb_toggle et_pb_module et_pb_toggle_close et_flex_module preset--module--divi-accordion-item--550abe5c-b505-4d6b-adc7-570bd7cc1217\"><h5 class=\"et_pb_toggle_title\">Hogyan seg\u00edthetnek a gy\u00f3gyn\u00f6v\u00e9nyek a l\u00e9zerter\u00e1pia sor\u00e1n?<\/h5><div class=\"et_pb_toggle_content et_flex_module\"><p>A gy\u00f3gyn\u00f6v\u00e9nyek, mint p\u00e9ld\u00e1ul a kurkuma \u00e9s a gy\u00f6mb\u00e9r, gyullad\u00e1scs\u00f6kkent\u0151 hat\u00e1suk r\u00e9v\u00e9n fokozhatj\u00e1k a ter\u00e1pia hat\u00e9konys\u00e1g\u00e1t.<\/p>\n<\/div><\/div><div class=\"et_pb_accordion_item_2 et_pb_accordion_item et_pb_toggle et_pb_module et_pb_toggle_close et_flex_module preset--module--divi-accordion-item--550abe5c-b505-4d6b-adc7-570bd7cc1217\"><h5 class=\"et_pb_toggle_title\">Biztons\u00e1gosak-e a t\u00e1pl\u00e1l\u00e9kkieg\u00e9sz\u00edt\u0151k l\u00e9zerter\u00e1pia alatt?<\/h5><div class=\"et_pb_toggle_content et_flex_module\"><p>Igen, a megfelel\u0151en kiv\u00e1lasztott kieg\u00e9sz\u00edt\u0151k biztons\u00e1gosan haszn\u00e1lhat\u00f3k, de mindig konzult\u00e1ljon szakemberrel.<\/p>\n<\/div><\/div><div class=\"et_pb_accordion_item_3 et_pb_accordion_item et_pb_toggle et_pb_module et_pb_toggle_close et_flex_module preset--module--divi-accordion-item--550abe5c-b505-4d6b-adc7-570bd7cc1217\"><h5 class=\"et_pb_toggle_title\">Mennyi ideig kell szedni a kieg\u00e9sz\u00edt\u0151ket a ter\u00e1pia alatt?<\/h5><div class=\"et_pb_toggle_content et_flex_module\"><p>A kieg\u00e9sz\u00edt\u0151k szed\u00e9s\u00e9nek id\u0151tartama egy\u00e9ni, de \u00e1ltal\u00e1ban a ter\u00e1pia teljes id\u0151tartama alatt aj\u00e1nlott.<\/p>\n<\/div><\/div><div class=\"et_pb_accordion_item_4 et_pb_accordion_item et_pb_toggle et_pb_module et_pb_toggle_close et_flex_module preset--module--divi-accordion-item--550abe5c-b505-4d6b-adc7-570bd7cc1217\"><h5 class=\"et_pb_toggle_title\">Milyen hat\u00e1ssal vannak a kieg\u00e9sz\u00edt\u0151k a f\u00e1jdalomcsillap\u00edt\u00e1sra?<\/h5><div class=\"et_pb_toggle_content et_flex_module\"><p>A megfelel\u0151 kieg\u00e9sz\u00edt\u0151k seg\u00edthetnek cs\u00f6kkenteni a gyullad\u00e1st \u00e9s gyors\u00edthatj\u00e1k a f\u00e1jdalom enyh\u00fcl\u00e9s\u00e9t.<\/p>\n<\/div><\/div><div class=\"et_pb_accordion_item_5 et_pb_accordion_item et_pb_toggle et_pb_module et_pb_toggle_close et_flex_module preset--module--divi-accordion-item--550abe5c-b505-4d6b-adc7-570bd7cc1217\"><h5 class=\"et_pb_toggle_title\">Kell-e v\u00e1ltoztatni az \u00e9trenden a kieg\u00e9sz\u00edt\u0151k szed\u00e9se mellett?<\/h5><div class=\"et_pb_toggle_content et_flex_module\"><p>Az eg\u00e9szs\u00e9ges \u00e9trend fenntart\u00e1sa fontos, de a kieg\u00e9sz\u00edt\u0151k seg\u00edthetnek p\u00f3tolni az esetleges hi\u00e1nyoss\u00e1gokat.<\/p>\n<\/div><\/div><\/div><\/div><\/div><\/div><div class=\"et_pb_section_6 et_pb_section et_section_regular et_block_section\"><div class=\"et_pb_row_9 et_pb_row et_block_row preset--module--divi-row--5138c454-be54-4233-bd3b-f8e6a8747976\"><div class=\"et_pb_column_13 et_pb_column et_pb_column_1_2 et_block_column et_pb_css_mix_blend_mode_passthrough preset--module--divi-column--73121f80-a3ef-4484-8763-c3f18e3c56d2\"><div class=\"et_pb_image_2 et_pb_image et_pb_module et_flex_module preset--module--divi-image--6ed8fd5c-62c5-4100-98c3-7b8b6d2c2ee6\"><span class=\"et_pb_image_wrap\"><img decoding=\"async\" src=\"https:\/\/waas-demo-divi.nf.hu\/wp-content\/uploads\/2026\/03\/0-a1e13545-3c9a-414c-9e15-7eea867f4900-800x600.jpg\" title=\"800x600\" \/><\/span><\/div><\/div><div class=\"et_pb_column_14 et_pb_column et_pb_column_1_2 et-last-child et_block_column et_pb_css_mix_blend_mode_passthrough preset--module--divi-column--73121f80-a3ef-4484-8763-c3f18e3c56d2\"><div class=\"et_pb_heading_8 et_pb_heading et_pb_module et_flex_module preset--module--divi-heading--default\"><div class=\"et_pb_heading_container\"><h2 class=\"et_pb_module_header\">Fedezze fel aj\u00e1nlott term\u00e9keinket!<\/h2><\/div><\/div><div class=\"et_pb_text_4 et_pb_text et_pb_bg_layout_light et_pb_module et_flex_module preset--module--divi-text--default\"><div class=\"et_pb_text_inner\"><p>Fokozza l\u00e9zerter\u00e1pi\u00e1ja hat\u00e9konys\u00e1g\u00e1t az \u00e1ltalunk aj\u00e1nlott vitaminokkal, gy\u00f3gyn\u00f6v\u00e9nyekkel \u00e9s t\u00e1pl\u00e1l\u00e9kkieg\u00e9sz\u00edt\u0151kkel! Tekintse meg k\u00edn\u00e1latunkat, \u00e9s v\u00e1lassza ki az \u00d6n sz\u00e1m\u00e1ra legmegfelel\u0151bb term\u00e9keket, hogy m\u00e9g hat\u00e9konyabb\u00e1 tegye a kezel\u00e9st.<\/p>\n<\/div><\/div><div class=\"et_pb_module et_pb_button_module_wrapper et_pb_button_3_wrapper preset--module--divi-button--1bffc0fc-42a0-49d1-bd9a-ae3ade2d7206_wrapper\"><a class=\"et_pb_button_3 et_pb_button et_pb_bg_layout_light et_pb_module et_flex_module preset--module--divi-button--1bffc0fc-42a0-49d1-bd9a-ae3ade2d7206\" href=\"\">V\u00e1s\u00e1roljon most<\/a><\/div><\/div><\/div><\/div>","protected":false},"excerpt":{"rendered":"","protected":false},"author":1,"featured_media":0,"parent":0,"menu_order":0,"comment_status":"closed","ping_status":"closed","template":"","meta":{"footnotes":""},"class_list":["post-13","page","type-page","status-publish","hentry"],"_links":{"self":[{"href":"https:\/\/waas-demo-divi.nf.hu\/index.php\/wp-json\/wp\/v2\/pages\/13","targetHints":{"allow":["GET"]}}],"collection":[{"href":"https:\/\/waas-demo-divi.nf.hu\/index.php\/wp-json\/wp\/v2\/pages"}],"about":[{"href":"https:\/\/waas-demo-divi.nf.hu\/index.php\/wp-json\/wp\/v2\/types\/page"}],"author":[{"embeddable":true,"href":"https:\/\/waas-demo-divi.nf.hu\/index.php\/wp-json\/wp\/v2\/users\/1"}],"replies":[{"embeddable":true,"href":"https:\/\/waas-demo-divi.nf.hu\/index.php\/wp-json\/wp\/v2\/comments?post=13"}],"version-history":[{"count":1,"href":"https:\/\/waas-demo-divi.nf.hu\/index.php\/wp-json\/wp\/v2\/pages\/13\/revisions"}],"predecessor-version":[{"id":53,"href":"https:\/\/waas-demo-divi.nf.hu\/index.php\/wp-json\/wp\/v2\/pages\/13\/revisions\/53"}],"wp:attachment":[{"href":"https:\/\/waas-demo-divi.nf.hu\/index.php\/wp-json\/wp\/v2\/media?parent=13"}],"curies":[{"name":"wp","href":"https:\/\/api.w.org\/{rel}","templated":true}]}}