{"id":15,"date":"2026-03-10T17:12:19","date_gmt":"2026-03-10T17:12:19","guid":{"rendered":"https:\/\/waas-demo-divi.nf.hu\/?page_id=15"},"modified":"2026-03-10T17:12:19","modified_gmt":"2026-03-10T17:12:19","slug":"stresszkezeles","status":"publish","type":"page","link":"https:\/\/waas-demo-divi.nf.hu\/index.php\/stresszkezeles\/","title":{"rendered":"Stresszkezel\u00e9s"},"content":{"rendered":"<div class=\"et_pb_section_0 et_pb_section et_section_regular et_block_section\"><div class=\"et_pb_row_0 et_pb_row et_pb_row_3-4_1-4 et_block_row et_block_row_3-4_1-4 preset--module--divi-row--5138c454-be54-4233-bd3b-f8e6a8747976\"><div class=\"et_pb_column_0 et_pb_column et_pb_column_3_4 et_block_column et_pb_css_mix_blend_mode_passthrough preset--module--divi-column--73121f80-a3ef-4484-8763-c3f18e3c56d2\"><div class=\"et_pb_heading_0 et_pb_heading et_pb_module et_flex_module preset--module--divi-heading--ddeb8c09-9078-4424-bc15-2efb6572e28e\"><div class=\"et_pb_heading_container\"><h1 class=\"et_pb_module_header\">Fedezze fel a stressz kezel\u00e9s\u00e9nek \u00faj \u00fatjait<\/h1><\/div><\/div><\/div><div class=\"et_pb_column_1 et_pb_column et_pb_column_1_4 et-last-child et_block_column et_pb_css_mix_blend_mode_passthrough preset--module--divi-column--73121f80-a3ef-4484-8763-c3f18e3c56d2\"><div class=\"et_pb_module et_pb_button_module_wrapper et_pb_button_0_wrapper preset--module--divi-button--default_wrapper\"><a class=\"et_pb_button_0 et_pb_button et_pb_bg_layout_light et_pb_module et_flex_module preset--module--divi-button--default\" href=\"\">Tudjon meg t\u00f6bbet<\/a><\/div><\/div><\/div><div class=\"et_pb_row_1 et_pb_row et_block_row preset--module--divi-row--5138c454-be54-4233-bd3b-f8e6a8747976\"><div class=\"et_pb_column_2 et_pb_column et_pb_column_4_4 et-last-child et_block_column et_pb_css_mix_blend_mode_passthrough preset--module--divi-column--73121f80-a3ef-4484-8763-c3f18e3c56d2\"><div class=\"et_pb_image_0 et_pb_image et_pb_module et_flex_module preset--module--divi-image--1cc6152f-565c-4c4d-b0c9-cf8c9576c341\"><span class=\"et_pb_image_wrap\"><img decoding=\"async\" src=\"https:\/\/waas-demo-divi.nf.hu\/wp-content\/uploads\/2026\/03\/0-4b676725-fd3a-40ea-be63-93de7c789714-1000x600.jpg\" title=\"1080x600\" \/><\/span><\/div><\/div><\/div><\/div><div class=\"et_pb_section_1 et_pb_section et_section_regular et_block_section\"><div class=\"et_pb_row_2 et_pb_row et_block_row\"><div class=\"et_pb_column_3 et_pb_column et_pb_column_4_4 et-last-child et_block_column et_pb_css_mix_blend_mode_passthrough\"><div class=\"et_pb_heading_1 et_pb_heading et_pb_module et_flex_module preset--module--divi-heading--default\"><div class=\"et_pb_heading_container\"><h2 class=\"et_pb_module_header\">A stressz hat\u00e1sai az eg\u00e9szs\u00e9gre<\/h2><\/div><\/div><\/div><\/div><div class=\"et_pb_row_3 et_pb_row et_block_row\"><div class=\"et_pb_column_4 et_pb_column et_pb_column_1_2 et_block_column et_pb_css_mix_blend_mode_passthrough\"><div class=\"et_pb_text_0 et_pb_text et_pb_bg_layout_light et_pb_module et_flex_module preset--module--divi-text--default\"><div class=\"et_pb_text_inner\"><p>A stressz napjaink egyik legnagyobb eg\u00e9szs\u00e9g\u00fcgyi kih\u00edv\u00e1sa, amely sz\u00e1mos fizikai \u00e9s ment\u00e1lis probl\u00e9m\u00e1hoz vezethet. A kr\u00f3nikus stressz hozz\u00e1j\u00e1rulhat a sz\u00edvbetegs\u00e9gek, az alv\u00e1szavarok, \u00e9s a depresszi\u00f3 kialakul\u00e1s\u00e1hoz. Fontos, hogy felismerj\u00fck a stressz jeleit, \u00e9s id\u0151ben l\u00e9pj\u00fcnk a kezel\u00e9s \u00e9rdek\u00e9ben.<\/p>\n<\/div><\/div><\/div><div class=\"et_pb_column_5 et_pb_column et_pb_column_1_2 et-last-child et_block_column et_pb_css_mix_blend_mode_passthrough\"><div class=\"et_pb_text_1 et_pb_text et_pb_bg_layout_light et_pb_module et_flex_module preset--module--divi-text--default\"><div class=\"et_pb_text_inner\"><p>A stressz nemcsak a ment\u00e1lis eg\u00e9szs\u00e9gre, hanem a fizikai j\u00f3l\u00e9tre is jelent\u0151s hat\u00e1ssal van. A tart\u00f3s stressz gyeng\u00edtheti az immunrendszert, n\u00f6velheti a v\u00e9rnyom\u00e1st, \u00e9s s\u00falyosb\u00edthatja a m\u00e1r megl\u00e9v\u0151 eg\u00e9szs\u00e9g\u00fcgyi probl\u00e9m\u00e1kat. Ez\u00e9rt elengedhetetlen, hogy meg\u00e9rts\u00fck a stressz forr\u00e1sait \u00e9s hat\u00e9konyan kezelj\u00fck azokat.<\/p>\n<\/div><\/div><\/div><\/div><\/div><div class=\"et_pb_section_2 et_pb_section et_section_regular et_block_section\"><div class=\"et_pb_row_4 et_pb_row et_block_row\"><div class=\"et_pb_column_6 et_pb_column et_pb_column_4_4 et-last-child et_block_column et_pb_css_mix_blend_mode_passthrough\"><div class=\"et_pb_heading_2 et_pb_heading et_pb_module et_flex_module preset--module--divi-heading--default\"><div class=\"et_pb_heading_container\"><h2 class=\"et_pb_module_header\">Hogyan ismerj\u00fck fel a stressz jeleit?<\/h2><\/div><\/div><\/div><\/div><div class=\"et_pb_row_5 et_pb_row et_block_row\"><div class=\"et_pb_column_7 et_pb_column et_pb_column_1_3 et_block_column et_pb_css_mix_blend_mode_passthrough\"><div class=\"et_pb_heading_3 et_pb_heading et_pb_module et_flex_module ai_ignore_all preset--module--divi-heading--8c21dae4-c59d-4c2b-958c-0e045c7f06d6\"><div class=\"et_pb_heading_container\"><h4 class=\"et_pb_module_header\">Step 1<\/h4><\/div><\/div><\/div><div class=\"et_pb_column_8 et_pb_column et_pb_column_2_3 et-last-child et_block_column et_pb_css_mix_blend_mode_passthrough\"><div class=\"et_pb_text_2 et_pb_text et_pb_bg_layout_light et_pb_module et_flex_module preset--module--divi-text--default\"><div class=\"et_pb_text_inner\"><p>Az els\u0151 l\u00e9p\u00e9s a stressz jeleinek felismer\u00e9se. Figyelj\u00fck meg a fizikai t\u00fcneteket, mint p\u00e9ld\u00e1ul a fejf\u00e1j\u00e1s, izomfesz\u00fclts\u00e9g vagy f\u00e1radts\u00e1g.<\/p>\n<\/div><\/div><\/div><\/div><div class=\"et_pb_row_6 et_pb_row et_block_row\"><div class=\"et_pb_column_9 et_pb_column et_pb_column_1_3 et_block_column et_pb_css_mix_blend_mode_passthrough\"><div class=\"et_pb_heading_4 et_pb_heading et_pb_module et_flex_module ai_ignore_all preset--module--divi-heading--8c21dae4-c59d-4c2b-958c-0e045c7f06d6\"><div class=\"et_pb_heading_container\"><h4 class=\"et_pb_module_header\">Step 2<\/h4><\/div><\/div><\/div><div class=\"et_pb_column_10 et_pb_column et_pb_column_2_3 et-last-child et_block_column et_pb_css_mix_blend_mode_passthrough\"><div class=\"et_pb_text_3 et_pb_text et_pb_bg_layout_light et_pb_module et_flex_module preset--module--divi-text--default\"><div class=\"et_pb_text_inner\"><p>A k\u00f6vetkez\u0151 l\u00e9p\u00e9s a stressz forr\u00e1sainak azonos\u00edt\u00e1sa. Ez mag\u00e1ban foglalhatja a munkahelyi nyom\u00e1st, a szem\u00e9lyes kapcsolatok fesz\u00fclts\u00e9geit vagy az \u00e9letm\u00f3dbeli t\u00e9nyez\u0151ket.<\/p>\n<\/div><\/div><\/div><\/div><div class=\"et_pb_row_7 et_pb_row et_block_row\"><div class=\"et_pb_column_11 et_pb_column et_pb_column_1_3 et_block_column et_pb_css_mix_blend_mode_passthrough\"><div class=\"et_pb_heading_5 et_pb_heading et_pb_module et_flex_module ai_ignore_all preset--module--divi-heading--8c21dae4-c59d-4c2b-958c-0e045c7f06d6\"><div class=\"et_pb_heading_container\"><h4 class=\"et_pb_module_header\">Step 3<\/h4><\/div><\/div><\/div><div class=\"et_pb_column_12 et_pb_column et_pb_column_2_3 et-last-child et_block_column et_pb_css_mix_blend_mode_passthrough\"><div class=\"et_pb_text_4 et_pb_text et_pb_bg_layout_light et_pb_module et_flex_module preset--module--divi-text--default\"><div class=\"et_pb_text_inner\"><p>V\u00e9g\u00fcl, dolgozzunk ki egy szem\u00e9lyre szabott kezel\u00e9si tervet, amely mag\u00e1ban foglalja a l\u00e9zerter\u00e1pi\u00e1t, a vitaminok \u00e9s t\u00e1pl\u00e1l\u00e9kkieg\u00e9sz\u00edt\u0151k alkalmaz\u00e1s\u00e1t, valamint a relax\u00e1ci\u00f3s technik\u00e1kat.<\/p>\n<\/div><\/div><\/div><\/div><div class=\"et_pb_row_8 et_pb_row et_block_row\"><div class=\"et_pb_column_13 et_pb_column et_pb_column_4_4 et-last-child et_block_column et_pb_css_mix_blend_mode_passthrough\"><div class=\"et_pb_module et_pb_button_module_wrapper et_pb_button_1_wrapper preset--module--divi-button--1bffc0fc-42a0-49d1-bd9a-ae3ade2d7206_wrapper\"><a class=\"et_pb_button_1 et_pb_button et_pb_bg_layout_light et_pb_module et_flex_module preset--module--divi-button--1bffc0fc-42a0-49d1-bd9a-ae3ade2d7206\" href=\"\">Fedezze fel a m\u00f3dszereket<\/a><\/div><\/div><\/div><\/div><div class=\"et_pb_section_3 et_pb_section et_section_regular et_block_section\"><div class=\"et_pb_row_9 et_pb_row et_block_row preset--module--divi-row--5138c454-be54-4233-bd3b-f8e6a8747976\"><div class=\"et_pb_column_14 et_pb_column et_pb_column_1_3 et_block_column et_pb_css_mix_blend_mode_passthrough preset--module--divi-column--73121f80-a3ef-4484-8763-c3f18e3c56d2\"><div class=\"et_pb_heading_6 et_pb_heading et_pb_module et_flex_module preset--module--divi-heading--ba4a6336-701f-47b8-bf5c-09da0ce28016\"><div class=\"et_pb_heading_container\"><h2 class=\"et_pb_module_header\">Stresszkezel\u00e9si Szolg\u00e1ltat\u00e1sok<\/h2><\/div><\/div><div class=\"et_pb_module et_pb_button_module_wrapper et_pb_button_2_wrapper preset--module--divi-button--1bffc0fc-42a0-49d1-bd9a-ae3ade2d7206_wrapper\"><a class=\"et_pb_button_2 et_pb_button et_pb_bg_layout_light et_pb_module et_flex_module preset--module--divi-button--1bffc0fc-42a0-49d1-bd9a-ae3ade2d7206\" href=\"\">Tov\u00e1bbi Inform\u00e1ci\u00f3<\/a><\/div><\/div><div class=\"et_pb_column_15 et_pb_column et_pb_column_1_3 et_block_column et_pb_css_mix_blend_mode_passthrough preset--module--divi-column--73121f80-a3ef-4484-8763-c3f18e3c56d2\"><div class=\"et_pb_blurb_0 et_pb_blurb et_pb_bg_layout_light et_pb_blurb_position_left et_pb_module et_flex_module preset--module--divi-blurb--65059203-12d3-44f6-8371-3f5cf61a0475\"><div class=\"et_pb_blurb_content et_flex_module\"><div class=\"et_pb_main_blurb_image\"><span class=\"et_pb_image_wrap\"><span class=\"et-pb-icon\">\uf509<\/span><\/span><\/div><div class=\"et_pb_blurb_container\"><h4 class=\"et_pb_module_header\">L\u00e9zerter\u00e1pia Stresszold\u00e1sra<\/h4><div class=\"et_pb_blurb_description\"><p>A l\u00e9zerter\u00e1pia hat\u00e9konyan cs\u00f6kkenti a stressz okozta fizikai f\u00e1jdalmakat, mint p\u00e9ld\u00e1ul a h\u00e1t- \u00e9s v\u00e1llf\u00e1jdalom.<\/p>\n<\/div><\/div><\/div><\/div><div class=\"et_pb_blurb_1 et_pb_blurb et_pb_bg_layout_light et_pb_blurb_position_left et_pb_module et_flex_module preset--module--divi-blurb--65059203-12d3-44f6-8371-3f5cf61a0475\"><div class=\"et_pb_blurb_content et_flex_module\"><div class=\"et_pb_main_blurb_image\"><span class=\"et_pb_image_wrap\"><span class=\"et-pb-icon\">\uf46b<\/span><\/span><\/div><div class=\"et_pb_blurb_container\"><h4 class=\"et_pb_module_header\">Vitaminok \u00e9s T\u00e1pl\u00e1l\u00e9kkieg\u00e9sz\u00edt\u0151k<\/h4><div class=\"et_pb_blurb_description\"><p>Szem\u00e9lyre szabott vitamin- \u00e9s t\u00e1pl\u00e1l\u00e9kkieg\u00e9sz\u00edt\u0151 aj\u00e1nl\u00e1sok a stressz hat\u00e1sainak enyh\u00edt\u00e9s\u00e9re.<\/p>\n<\/div><\/div><\/div><\/div><\/div><div class=\"et_pb_column_16 et_pb_column et_pb_column_1_3 et-last-child et_block_column et_pb_css_mix_blend_mode_passthrough preset--module--divi-column--73121f80-a3ef-4484-8763-c3f18e3c56d2\"><div class=\"et_pb_blurb_2 et_pb_blurb et_pb_bg_layout_light et_pb_blurb_position_left et_pb_module et_flex_module preset--module--divi-blurb--65059203-12d3-44f6-8371-3f5cf61a0475\"><div class=\"et_pb_blurb_content et_flex_module\"><div class=\"et_pb_main_blurb_image\"><span class=\"et_pb_image_wrap\"><span class=\"et-pb-icon\">\ue012<\/span><\/span><\/div><div class=\"et_pb_blurb_container\"><h4 class=\"et_pb_module_header\">Gy\u00f3gyn\u00f6v\u00e9nyes Kezel\u00e9sek<\/h4><div class=\"et_pb_blurb_description\"><p>Term\u00e9szetes gy\u00f3gyn\u00f6v\u00e9nyes ter\u00e1pi\u00e1k a stressz t\u00fcneteinek kezel\u00e9s\u00e9re \u00e9s a ment\u00e1lis j\u00f3l\u00e9t jav\u00edt\u00e1s\u00e1ra.<\/p>\n<\/div><\/div><\/div><\/div><div class=\"et_pb_blurb_3 et_pb_blurb et_pb_bg_layout_light et_pb_blurb_position_left et_pb_module et_flex_module preset--module--divi-blurb--65059203-12d3-44f6-8371-3f5cf61a0475\"><div class=\"et_pb_blurb_content et_flex_module\"><div class=\"et_pb_main_blurb_image\"><span class=\"et_pb_image_wrap\"><span class=\"et-pb-icon\">\uf259<\/span><\/span><\/div><div class=\"et_pb_blurb_container\"><h4 class=\"et_pb_module_header\">Trigger Pont Ter\u00e1pia<\/h4><div class=\"et_pb_blurb_description\"><p>F\u00e1jdalommentes m\u00f3dszerek a stressz okozta izomfesz\u00fclts\u00e9g \u00e9s trigger pontok fellaz\u00edt\u00e1s\u00e1ra.<\/p>\n<\/div><\/div><\/div><\/div><\/div><\/div><\/div><div class=\"et_pb_section_4 et_pb_section et_section_regular et_block_section\"><div class=\"et_pb_row_10 et_pb_row et_pb_equal_columns et_block_row preset--module--divi-row--5138c454-be54-4233-bd3b-f8e6a8747976\"><div class=\"et_pb_column_17 et_pb_column et_pb_column_1_3 et_block_column et_pb_css_mix_blend_mode_passthrough preset--module--divi-column--73121f80-a3ef-4484-8763-c3f18e3c56d2\"><div class=\"et_pb_heading_7 et_pb_heading et_pb_module et_flex_module preset--module--divi-heading--ba4a6336-701f-47b8-bf5c-09da0ce28016\"><div class=\"et_pb_heading_container\"><h2 class=\"et_pb_module_header\">A Stresszkezel\u00e9s El\u0151nyei<\/h2><\/div><\/div><div class=\"et_pb_text_5 et_pb_text et_pb_bg_layout_light et_pb_module et_flex_module preset--module--divi-text--default\"><div class=\"et_pb_text_inner\"><p>A stressz kezel\u00e9se jav\u00edtja az \u00e9letmin\u0151s\u00e9get \u00e9s el\u0151seg\u00edti a testi-lelki egyens\u00falyt.<\/p>\n<\/div><\/div><div class=\"et_pb_module et_pb_button_module_wrapper et_pb_button_3_wrapper preset--module--divi-button--1bffc0fc-42a0-49d1-bd9a-ae3ade2d7206_wrapper\"><a class=\"et_pb_button_3 et_pb_button et_pb_bg_layout_light et_pb_module et_flex_module preset--module--divi-button--1bffc0fc-42a0-49d1-bd9a-ae3ade2d7206\" href=\"\">Tudjon Meg T\u00f6bbet<\/a><\/div><\/div><div class=\"et_pb_column_18 et_pb_column et_pb_column_1_3 et_block_column et_pb_css_mix_blend_mode_passthrough preset--module--divi-column--50607da8-57bc-4d4b-aaef-f02e41c2cc4a\"><div class=\"et_pb_blurb_4 et_pb_blurb et_pb_bg_layout_light et_pb_text_align_left et_pb_blurb_position_top et_pb_module et_flex_module preset--module--divi-blurb--212b201d-2c34-41bd-936c-851b7357d08b\"><div class=\"et_pb_blurb_content et_flex_module\"><div class=\"et_pb_main_blurb_image\"><span class=\"et_pb_image_wrap\"><span class=\"et-pb-icon\">\uf21e<\/span><\/span><\/div><div class=\"et_pb_blurb_container\"><h4 class=\"et_pb_module_header\">Fokozott Relax\u00e1ci\u00f3<\/h4><div class=\"et_pb_blurb_description\"><p>A fizikai ter\u00e1pi\u00e1k seg\u00edtenek a m\u00e9ly relax\u00e1ci\u00f3 el\u00e9r\u00e9s\u00e9ben, cs\u00f6kkentve a stressz szintj\u00e9t.<\/p>\n<\/div><\/div><\/div><\/div><\/div><div class=\"et_pb_column_19 et_pb_column et_pb_column_1_3 et-last-child et_block_column et_pb_css_mix_blend_mode_passthrough preset--module--divi-column--50607da8-57bc-4d4b-aaef-f02e41c2cc4a\"><div class=\"et_pb_blurb_5 et_pb_blurb et_pb_bg_layout_light et_pb_text_align_left et_pb_blurb_position_top et_pb_module et_flex_module preset--module--divi-blurb--212b201d-2c34-41bd-936c-851b7357d08b\"><div class=\"et_pb_blurb_content et_flex_module\"><div class=\"et_pb_main_blurb_image\"><span class=\"et_pb_image_wrap\"><span class=\"et-pb-icon\">\uf487<\/span><\/span><\/div><div class=\"et_pb_blurb_container\"><h4 class=\"et_pb_module_header\">Jobb Alv\u00e1smin\u0151s\u00e9g<\/h4><div class=\"et_pb_blurb_description\"><p>A stressz cs\u00f6kkent\u00e9se hozz\u00e1j\u00e1rul a pihentet\u0151bb alv\u00e1shoz \u00e9s a jobb regener\u00e1ci\u00f3hoz.<\/p>\n<\/div><\/div><\/div><\/div><\/div><\/div><div class=\"et_pb_row_11 et_pb_row et_pb_equal_columns et_block_row preset--module--divi-row--5138c454-be54-4233-bd3b-f8e6a8747976\"><div class=\"et_pb_column_20 et_pb_column et_pb_column_1_3 et_block_column et_pb_column_empty et_pb_css_mix_blend_mode_passthrough preset--module--divi-column--73121f80-a3ef-4484-8763-c3f18e3c56d2\"><\/div><div class=\"et_pb_column_21 et_pb_column et_pb_column_1_3 et_block_column et_pb_css_mix_blend_mode_passthrough preset--module--divi-column--50607da8-57bc-4d4b-aaef-f02e41c2cc4a\"><div class=\"et_pb_blurb_6 et_pb_blurb et_pb_bg_layout_light et_pb_text_align_left et_pb_blurb_position_top et_pb_module et_flex_module preset--module--divi-blurb--212b201d-2c34-41bd-936c-851b7357d08b\"><div class=\"et_pb_blurb_content et_flex_module\"><div class=\"et_pb_main_blurb_image\"><span class=\"et_pb_image_wrap\"><span class=\"et-pb-icon\">\ue012<\/span><\/span><\/div><div class=\"et_pb_blurb_container\"><h4 class=\"et_pb_module_header\">Fokozott Energia<\/h4><div class=\"et_pb_blurb_description\"><p>A stressz kezel\u00e9se n\u00f6veli az energiaszintet, \u00edgy hat\u00e9konyabb\u00e1 v\u00e1lik a mindennapi \u00e9let.<\/p>\n<\/div><\/div><\/div><\/div><\/div><div class=\"et_pb_column_22 et_pb_column et_pb_column_1_3 et-last-child et_block_column et_pb_css_mix_blend_mode_passthrough preset--module--divi-column--50607da8-57bc-4d4b-aaef-f02e41c2cc4a\"><div class=\"et_pb_blurb_7 et_pb_blurb et_pb_bg_layout_light et_pb_text_align_left et_pb_blurb_position_top et_pb_module et_flex_module preset--module--divi-blurb--212b201d-2c34-41bd-936c-851b7357d08b\"><div class=\"et_pb_blurb_content et_flex_module\"><div class=\"et_pb_main_blurb_image\"><span class=\"et_pb_image_wrap\"><span class=\"et-pb-icon\">\uf0fa<\/span><\/span><\/div><div class=\"et_pb_blurb_container\"><h4 class=\"et_pb_module_header\">F\u00e1jdalomcsillap\u00edt\u00e1s<\/h4><div class=\"et_pb_blurb_description\"><p>A stressz okozta f\u00e1jdalmak enyh\u00edt\u00e9se jav\u00edtja a mozg\u00e1si k\u00e9pess\u00e9geket \u00e9s a komfort\u00e9rzetet.<\/p>\n<\/div><\/div><\/div><\/div><\/div><\/div><\/div><div class=\"et_pb_section_5 et_pb_section et_section_regular et_block_section\"><div class=\"et_pb_row_12 et_pb_row et_block_row preset--module--divi-row--5138c454-be54-4233-bd3b-f8e6a8747976\"><div class=\"et_pb_column_23 et_pb_column et_pb_column_1_5 et_block_column et_pb_css_mix_blend_mode_passthrough preset--module--divi-column--73121f80-a3ef-4484-8763-c3f18e3c56d2\"><div class=\"et_pb_icon_0 et_pb_icon et_pb_module et_flex_module ai_ignore_font_icon preset--module--divi-icon--db170d3f-bca7-402c-8bd3-fded0653edcc\"><span class=\"et_pb_icon_wrap\"><span class=\"et-pb-icon\">\uf10d<\/span><\/span><\/div><\/div><div class=\"et_pb_column_24 et_pb_column et_pb_column_3_5 et_block_column et_pb_css_mix_blend_mode_passthrough preset--module--divi-column--73121f80-a3ef-4484-8763-c3f18e3c56d2\"><div class=\"et_pb_text_6 et_pb_text et_pb_bg_layout_light et_pb_module et_flex_module preset--module--divi-text--0504de1e-f5ff-4281-ba60-cbbe4edf98bc\"><div class=\"et_pb_text_inner\"><p>\"A Safe Laser kezel\u00e9sei ut\u00e1n sokkal nyugodtabbnak \u00e9rzem magam, \u00e9s a h\u00e1tf\u00e1j\u00e1som is jelent\u0151sen cs\u00f6kkent.\"<\/p>\n<\/div><\/div><div class=\"et_pb_blurb_8 et_pb_blurb et_pb_bg_layout_light et_pb_text_align_left et_pb_blurb_position_left et_pb_module et_flex_module preset--module--divi-blurb--862c9607-1b6f-4b69-8945-31700042b129\"><div class=\"et_pb_blurb_content et_flex_module\"><div class=\"et_pb_main_blurb_image\"><span class=\"et_pb_image_wrap et_pb_only_image_mode_wrap\"><img decoding=\"async\" src=\"https:\/\/waas-demo-divi.nf.hu\/wp-content\/uploads\/2026\/03\/new-portrait-11-800x800-1-800x800.jpg\" class=\"et_animated\" \/><\/span><\/div><div class=\"et_pb_blurb_container\"><h4 class=\"et_pb_module_header\">Kov\u00e1cs Anna<\/h4><div class=\"et_pb_blurb_description\"><p>\u00dcgyf\u00e9l<\/p>\n<\/div><\/div><\/div><\/div><\/div><div class=\"et_pb_column_25 et_pb_column et_pb_column_1_5 et-last-child et_block_column et_pb_column_empty et_pb_css_mix_blend_mode_passthrough preset--module--divi-column--73121f80-a3ef-4484-8763-c3f18e3c56d2\"><\/div><\/div><div class=\"et_pb_row_13 et_pb_row et_block_row preset--module--divi-row--5138c454-be54-4233-bd3b-f8e6a8747976\"><div class=\"et_pb_column_26 et_pb_column et_pb_column_1_3 et_block_column et_pb_css_mix_blend_mode_passthrough preset--module--divi-column--a5263d39-fad2-4768-9385-243a7b74537a\"><div class=\"et_pb_icon_1 et_pb_icon et_pb_module et_flex_module ai_ignore_font_icon preset--module--divi-icon--e1bb7f25-3cb3-46ff-8d8e-70235688eba8\"><span class=\"et_pb_icon_wrap\"><span class=\"et-pb-icon\">\uf10d<\/span><\/span><\/div><div class=\"et_pb_text_7 et_pb_text et_pb_bg_layout_light et_pb_module et_flex_module preset--module--divi-text--0504de1e-f5ff-4281-ba60-cbbe4edf98bc\"><div class=\"et_pb_text_inner\"><p>\"A l\u00e9zerter\u00e1pia \u00e9s a vitaminok kombin\u00e1ci\u00f3ja seg\u00edtett abban, hogy jobban kezeljem a stresszt \u00e9s energikusabb legyek.\"<\/p>\n<\/div><\/div><div class=\"et_pb_blurb_9 et_pb_blurb et_pb_bg_layout_light et_pb_text_align_left et_pb_blurb_position_left et_pb_module et_flex_module preset--module--divi-blurb--862c9607-1b6f-4b69-8945-31700042b129\"><div class=\"et_pb_blurb_content et_flex_module\"><div class=\"et_pb_main_blurb_image\"><span class=\"et_pb_image_wrap et_pb_only_image_mode_wrap\"><img decoding=\"async\" src=\"https:\/\/waas-demo-divi.nf.hu\/wp-content\/uploads\/2026\/03\/new-portrait-12-800x800-1-800x800.jpg\" class=\"et_animated\" \/><\/span><\/div><div class=\"et_pb_blurb_container\"><h4 class=\"et_pb_module_header\">Nagy P\u00e9ter<\/h4><div class=\"et_pb_blurb_description\"><p>\u00dcgyf\u00e9l<\/p>\n<\/div><\/div><\/div><\/div><\/div><div class=\"et_pb_column_27 et_pb_column et_pb_column_1_3 et_block_column et_pb_css_mix_blend_mode_passthrough preset--module--divi-column--a5263d39-fad2-4768-9385-243a7b74537a\"><div class=\"et_pb_icon_2 et_pb_icon et_pb_module et_flex_module ai_ignore_font_icon preset--module--divi-icon--e1bb7f25-3cb3-46ff-8d8e-70235688eba8\"><span class=\"et_pb_icon_wrap\"><span class=\"et-pb-icon\">\uf10d<\/span><\/span><\/div><div class=\"et_pb_text_8 et_pb_text et_pb_bg_layout_light et_pb_module et_flex_module preset--module--divi-text--0504de1e-f5ff-4281-ba60-cbbe4edf98bc\"><div class=\"et_pb_text_inner\"><p>\"A gy\u00f3gyn\u00f6v\u00e9nyes kezel\u00e9sek val\u00f3ban hat\u00e9konyak voltak a stressz okozta szorong\u00e1som cs\u00f6kkent\u00e9s\u00e9ben.\"<\/p>\n<\/div><\/div><div class=\"et_pb_blurb_10 et_pb_blurb et_pb_bg_layout_light et_pb_text_align_left et_pb_blurb_position_left et_pb_module et_flex_module preset--module--divi-blurb--862c9607-1b6f-4b69-8945-31700042b129\"><div class=\"et_pb_blurb_content et_flex_module\"><div class=\"et_pb_main_blurb_image\"><span class=\"et_pb_image_wrap et_pb_only_image_mode_wrap\"><img decoding=\"async\" src=\"https:\/\/waas-demo-divi.nf.hu\/wp-content\/uploads\/2026\/03\/new-portrait-7-800x800-1-800x800.jpg\" class=\"et_animated\" \/><\/span><\/div><div class=\"et_pb_blurb_container\"><h4 class=\"et_pb_module_header\">Szab\u00f3 \u00c9va<\/h4><div class=\"et_pb_blurb_description\"><p>\u00dcgyf\u00e9l<\/p>\n<\/div><\/div><\/div><\/div><\/div><div class=\"et_pb_column_28 et_pb_column et_pb_column_1_3 et-last-child et_block_column et_pb_css_mix_blend_mode_passthrough preset--module--divi-column--a5263d39-fad2-4768-9385-243a7b74537a\"><div class=\"et_pb_icon_3 et_pb_icon et_pb_module et_flex_module ai_ignore_font_icon preset--module--divi-icon--e1bb7f25-3cb3-46ff-8d8e-70235688eba8\"><span class=\"et_pb_icon_wrap\"><span class=\"et-pb-icon\">\uf10d<\/span><\/span><\/div><div class=\"et_pb_text_9 et_pb_text et_pb_bg_layout_light et_pb_module et_flex_module preset--module--divi-text--0504de1e-f5ff-4281-ba60-cbbe4edf98bc\"><div class=\"et_pb_text_inner\"><p>\"A trigger pont ter\u00e1pia ut\u00e1n elm\u00falt a v\u00e1llf\u00e1j\u00e1som, \u00e9s sokkal jobban \u00e9rzem magam a mindennapokban.\"<\/p>\n<\/div><\/div><div class=\"et_pb_blurb_11 et_pb_blurb et_pb_bg_layout_light et_pb_text_align_left et_pb_blurb_position_left et_pb_module et_flex_module preset--module--divi-blurb--862c9607-1b6f-4b69-8945-31700042b129\"><div class=\"et_pb_blurb_content et_flex_module\"><div class=\"et_pb_main_blurb_image\"><span class=\"et_pb_image_wrap et_pb_only_image_mode_wrap\"><img decoding=\"async\" src=\"https:\/\/waas-demo-divi.nf.hu\/wp-content\/uploads\/2026\/03\/new-portrait-8-800x800-1-800x800.jpg\" class=\"et_animated\" \/><\/span><\/div><div class=\"et_pb_blurb_container\"><h4 class=\"et_pb_module_header\">T\u00f3th L\u00e1szl\u00f3<\/h4><div class=\"et_pb_blurb_description\"><p>\u00dcgyf\u00e9l<\/p>\n<\/div><\/div><\/div><\/div><\/div><\/div><\/div><div class=\"et_pb_section_6 et_pb_section et_section_regular et_block_section\"><div class=\"et_pb_row_14 et_pb_row et_block_row preset--module--divi-row--5138c454-be54-4233-bd3b-f8e6a8747976\"><div class=\"et_pb_column_29 et_pb_column et_pb_column_2_3 et_block_column et_pb_css_mix_blend_mode_passthrough preset--module--divi-column--73121f80-a3ef-4484-8763-c3f18e3c56d2\"><div class=\"et_pb_blurb_12 et_pb_blurb et_pb_bg_layout_light et_pb_blurb_position_left et_pb_module et_flex_module preset--module--divi-blurb--65059203-12d3-44f6-8371-3f5cf61a0475\"><div class=\"et_pb_blurb_content et_flex_module\"><div class=\"et_pb_main_blurb_image\"><span class=\"et_pb_image_wrap\"><span class=\"et-pb-icon\">\uf2a0<\/span><\/span><\/div><div class=\"et_pb_blurb_container\"><h4 class=\"et_pb_module_header\">Foglaljon Konzult\u00e1ci\u00f3t M\u00e9g Ma!<\/h4><div class=\"et_pb_blurb_description\"><p>Fedezze fel, hogyan seg\u00edthet\u00fcnk a stressz kezel\u00e9s\u00e9ben \u00e9s a testi-lelki egyens\u00faly helyre\u00e1ll\u00edt\u00e1s\u00e1ban. L\u00e9pjen vel\u00fcnk kapcsolatba, hogy szem\u00e9lyre szabott ter\u00e1pi\u00e1s megold\u00e1sokat tal\u00e1ljunk az \u00d6n sz\u00e1m\u00e1ra.<\/p>\n<\/div><\/div><\/div><\/div><\/div><div class=\"et_pb_column_30 et_pb_column et_pb_column_1_3 et-last-child et_block_column et_pb_css_mix_blend_mode_passthrough preset--module--divi-column--73121f80-a3ef-4484-8763-c3f18e3c56d2\"><div class=\"et_pb_module et_pb_button_module_wrapper et_pb_button_4_wrapper preset--module--divi-button--1bffc0fc-42a0-49d1-bd9a-ae3ade2d7206_wrapper\"><a class=\"et_pb_button_4 et_pb_button et_pb_bg_layout_light et_pb_module et_flex_module preset--module--divi-button--1bffc0fc-42a0-49d1-bd9a-ae3ade2d7206\" href=\"\">Tudjon Meg T\u00f6bbet<\/a><\/div><\/div><\/div><\/div>","protected":false},"excerpt":{"rendered":"","protected":false},"author":1,"featured_media":0,"parent":0,"menu_order":0,"comment_status":"closed","ping_status":"closed","template":"","meta":{"footnotes":""},"class_list":["post-15","page","type-page","status-publish","hentry"],"_links":{"self":[{"href":"https:\/\/waas-demo-divi.nf.hu\/index.php\/wp-json\/wp\/v2\/pages\/15","targetHints":{"allow":["GET"]}}],"collection":[{"href":"https:\/\/waas-demo-divi.nf.hu\/index.php\/wp-json\/wp\/v2\/pages"}],"about":[{"href":"https:\/\/waas-demo-divi.nf.hu\/index.php\/wp-json\/wp\/v2\/types\/page"}],"author":[{"embeddable":true,"href":"https:\/\/waas-demo-divi.nf.hu\/index.php\/wp-json\/wp\/v2\/users\/1"}],"replies":[{"embeddable":true,"href":"https:\/\/waas-demo-divi.nf.hu\/index.php\/wp-json\/wp\/v2\/comments?post=15"}],"version-history":[{"count":1,"href":"https:\/\/waas-demo-divi.nf.hu\/index.php\/wp-json\/wp\/v2\/pages\/15\/revisions"}],"predecessor-version":[{"id":64,"href":"https:\/\/waas-demo-divi.nf.hu\/index.php\/wp-json\/wp\/v2\/pages\/15\/revisions\/64"}],"wp:attachment":[{"href":"https:\/\/waas-demo-divi.nf.hu\/index.php\/wp-json\/wp\/v2\/media?parent=15"}],"curies":[{"name":"wp","href":"https:\/\/api.w.org\/{rel}","templated":true}]}}