{"id":17,"date":"2026-03-10T17:12:19","date_gmt":"2026-03-10T17:12:19","guid":{"rendered":"https:\/\/waas-demo-divi.nf.hu\/?page_id=17"},"modified":"2026-03-10T17:12:19","modified_gmt":"2026-03-10T17:12:19","slug":"kapcsolat","status":"publish","type":"page","link":"https:\/\/waas-demo-divi.nf.hu\/index.php\/kapcsolat\/","title":{"rendered":"Kapcsolat"},"content":{"rendered":"<div class=\"et_pb_section_0 et_pb_section et_section_regular et_block_section\"><div class=\"et_pb_row_0 et_pb_row et_block_row preset--module--divi-row--5138c454-be54-4233-bd3b-f8e6a8747976\"><div class=\"et_pb_column_0 et_pb_column et_pb_column_1_2 et_block_column et_pb_css_mix_blend_mode_passthrough preset--module--divi-column--73121f80-a3ef-4484-8763-c3f18e3c56d2\"><div class=\"et_pb_heading_0 et_pb_heading et_pb_module et_flex_module preset--module--divi-heading--f0c675ea-2574-4d0e-b725-30f8550a8550\"><div class=\"et_pb_heading_container\"><h4 class=\"et_pb_module_header\">Kapcsolatfelv\u00e9tel \u00e9s Id\u0151pontfoglal\u00e1s<\/h4><\/div><\/div><div class=\"et_pb_heading_1 et_pb_heading et_pb_module et_flex_module preset--module--divi-heading--ddeb8c09-9078-4424-bc15-2efb6572e28e\"><div class=\"et_pb_heading_container\"><h1 class=\"et_pb_module_header\">L\u00e9pjen Kapcsolatba Vel\u00fcnk!<\/h1><\/div><\/div><div class=\"et_pb_text_0 et_pb_text et_pb_bg_layout_light et_pb_module et_flex_module preset--module--divi-text--default\"><div class=\"et_pb_text_inner\"><p>Fedezze fel, hogyan seg\u00edthet\u00fcnk \u00d6nnek l\u00e9zerter\u00e1pi\u00e1s megold\u00e1sainkkal. Vegye fel vel\u00fcnk a kapcsolatot, vagy foglaljon id\u0151pontot m\u00e9g ma!<\/p>\n<\/div><\/div><div class=\"et_pb_module et_pb_button_module_wrapper et_pb_button_0_wrapper preset--module--divi-button--1bffc0fc-42a0-49d1-bd9a-ae3ade2d7206_wrapper\"><a class=\"et_pb_button_0 et_pb_button et_pb_bg_layout_light et_pb_module et_flex_module preset--module--divi-button--1bffc0fc-42a0-49d1-bd9a-ae3ade2d7206\" href=\"\">Kapcsolatfelv\u00e9tel<\/a><\/div><\/div><div class=\"et_pb_column_1 et_pb_column et_pb_column_1_2 et-last-child et_block_column et_pb_css_mix_blend_mode_passthrough preset--module--divi-column--73121f80-a3ef-4484-8763-c3f18e3c56d2\"><div class=\"et_pb_image_0 et_pb_image et_pb_module et_flex_module preset--module--divi-image--1cc6152f-565c-4c4d-b0c9-cf8c9576c341\"><span class=\"et_pb_image_wrap\"><img decoding=\"async\" src=\"https:\/\/waas-demo-divi.nf.hu\/wp-content\/uploads\/2026\/03\/0-b3b35fb3-3def-4f5e-b86f-4bf7d681fc58-800x1000.jpg\" title=\"800x1080\" \/><\/span><\/div><\/div><\/div><\/div><div class=\"et_pb_section_1 et_pb_section et_section_regular et_block_section\"><div class=\"et_pb_row_1 et_pb_row et_pb_equal_columns et_block_row\"><div class=\"et_pb_column_2 et_pb_column et_pb_column_1_3 et_block_column et_pb_css_mix_blend_mode_passthrough\"><div class=\"et_pb_blurb_0 et_pb_blurb et_pb_bg_layout_light et_pb_blurb_position_top et_pb_module et_flex_module ai_ignore_all preset--module--divi-blurb--default\"><div class=\"et_pb_blurb_content et_flex_module\"><div class=\"et_pb_blurb_container\"><h4 class=\"et_pb_module_header\">Phone<\/h4><div class=\"et_pb_blurb_description\"><p>(255) 352-6258<\/p>\n<\/div><\/div><\/div><\/div><\/div><div class=\"et_pb_column_3 et_pb_column et_pb_column_1_3 et_block_column et_pb_css_mix_blend_mode_passthrough\"><div class=\"et_pb_blurb_1 et_pb_blurb et_pb_bg_layout_light et_pb_blurb_position_top et_pb_module et_flex_module ai_ignore_all preset--module--divi-blurb--default\"><div class=\"et_pb_blurb_content et_flex_module\"><div class=\"et_pb_blurb_container\"><h4 class=\"et_pb_module_header\">Email<\/h4><div class=\"et_pb_blurb_description\"><p><a href=\"mailto:#\">kapcsolat@safelaser.hu<\/a><\/p>\n<\/div><\/div><\/div><\/div><\/div><div class=\"et_pb_column_4 et_pb_column et_pb_column_1_3 et-last-child et_block_column et_pb_css_mix_blend_mode_passthrough\"><div class=\"et_pb_blurb_2 et_pb_blurb et_pb_bg_layout_light et_pb_text_align_left et_pb_blurb_position_top et_pb_module et_flex_module ai_ignore_all preset--module--divi-blurb--212b201d-2c34-41bd-936c-851b7357d08b\"><div class=\"et_pb_blurb_content et_flex_module\"><div class=\"et_pb_blurb_container\"><h4 class=\"et_pb_module_header\">Address<\/h4><div class=\"et_pb_blurb_description\"><p>1234 Divi St. #1000, San Francisco, CA 94220<\/p>\n<\/div><\/div><\/div><\/div><\/div><\/div><\/div><div class=\"et_pb_section_2 et_pb_section et_section_regular et_block_section\"><div class=\"et_pb_row_2 et_pb_row et_block_row preset--module--divi-row--c9cfaba2-2263-4f35-8227-8d16ca8bd1cc\"><div class=\"et_pb_column_5 et_pb_column et_pb_column_4_4 et-last-child et_block_column et_pb_css_mix_blend_mode_passthrough preset--module--divi-column--73121f80-a3ef-4484-8763-c3f18e3c56d2\"><div class=\"et_pb_heading_2 et_pb_heading et_pb_module et_flex_module preset--module--divi-heading--default\"><div class=\"et_pb_heading_container\"><h2 class=\"et_pb_module_header\">Foglaljon Id\u0151pontot<\/h2><\/div><\/div><div class=\"et_pb_text_1 et_pb_text et_pb_bg_layout_light et_pb_module et_flex_module et_pb_text_align_center preset--module--divi-text--default\"><div class=\"et_pb_text_inner\"><p>Egyszer\u0171 \u00e9s gyors id\u0151pontfoglal\u00e1s l\u00e9zerter\u00e1pi\u00e1s kezel\u00e9seinkre. Kattintson az al\u00e1bbi gombra, hogy elind\u00edtsa a folyamatot!<\/p>\n<\/div><\/div><div class=\"et_pb_contact_form_0 et_pb_contact_form_container clearfix et_pb_module et_flex_module preset--module--divi-contact-form--default\" data-form_unique_num=\"0\" data-form_unique_id=\"ceddc97d-3019-4508-a1f2-667b6f23809b\" id=\"et_pb_contact_form_ceddc97d-3019-4508-a1f2-667b6f23809b\"><div class=\"et-pb-contact-message\"><\/div><div class=\"et_pb_contact\"><form class=\"et_pb_contact_form et_flex_module\" method=\"post\" action=\"https:\/\/waas-demo-divi.nf.hu\/index.php\/wp-json\/wp\/v2\/pages\/17\"><div class=\"et_pb_contact_field_0 et_pb_contact_field et_pb_module et_flex_module et_flex_column_24_24 et_flex_column_24_24_tablet et_flex_column_24_24_phone\" data-id=\"name\" data-type=\"input\"><label class=\"et_pb_contact_form_label\" for=\"et_pb_contact_0_name_0\">Name<\/label><input type=\"text\" name=\"et_pb_contact_0_name_0\" id=\"et_pb_contact_0_name_0\" class=\"input\" data-required_mark=\"required\" data-field_type=\"input\" data-original_id=\"name\" placeholder=\"Name\" title=\"\" value=\"\" \/><\/div><div class=\"et_pb_contact_field_1 et_pb_contact_field et_pb_module et_flex_module et_flex_column_24_24 et_flex_column_24_24_tablet et_flex_column_24_24_phone\" data-id=\"email\" data-type=\"email\"><label class=\"et_pb_contact_form_label\" for=\"et_pb_contact_0_email_1\">Email Address<\/label><input type=\"text\" name=\"et_pb_contact_0_email_1\" id=\"et_pb_contact_0_email_1\" class=\"input\" data-required_mark=\"required\" data-field_type=\"email\" data-original_id=\"email\" placeholder=\"Email Address\" title=\"\" value=\"\" \/><\/div><div class=\"et_pb_contact_field_2 et_pb_contact_field et_pb_module et_flex_module et_flex_column_24_24 et_flex_column_24_24_tablet et_flex_column_24_24_phone\" data-id=\"message\" data-type=\"text\"><label class=\"et_pb_contact_form_label\" for=\"et_pb_contact_0_message_2\">Message<\/label><textarea name=\"et_pb_contact_0_message_2\" id=\"et_pb_contact_0_message_2\" class=\"et_pb_contact_message input\" data-required_mark=\"required\" data-field_type=\"text\" data-original_id=\"message\" placeholder=\"Message\"><\/textarea><\/div><input type=\"hidden\" name=\"et_pb_contactform_submit_ceddc97d-3019-4508-a1f2-667b6f23809b\" value=\"et_contact_proccess\" \/><div class=\"et_contact_bottom_container\"><div class=\"et_pb_button_wrapper\"><button type=\"submit\" name=\"et_builder_submit_button\" class=\"et_pb_button et_pb_contact_submit\">Submit<\/button><\/div><\/div><input type=\"hidden\" id=\"_wpnonce-et-pb-contact-form-submitted-ceddc97d-3019-4508-a1f2-667b6f23809b\" name=\"_wpnonce-et-pb-contact-form-submitted-ceddc97d-3019-4508-a1f2-667b6f23809b\" value=\"4fcee44d28\" \/><input type=\"hidden\" name=\"_wp_http_referer\" value=\"\/index.php\/wp-json\/wp\/v2\/pages\/17\" \/><\/form><\/div><\/div><\/div><\/div><\/div><div class=\"et_pb_section_3 et_pb_section et_section_regular et_block_section\"><div class=\"et_pb_row_3 et_pb_row et_block_row preset--module--divi-row--5138c454-be54-4233-bd3b-f8e6a8747976\"><div class=\"et_pb_column_6 et_pb_column et_pb_column_1_2 et_block_column et_pb_css_mix_blend_mode_passthrough preset--module--divi-column--73121f80-a3ef-4484-8763-c3f18e3c56d2\"><div class=\"et_pb_heading_3 et_pb_heading et_pb_module et_flex_module preset--module--divi-heading--default\"><div class=\"et_pb_heading_container\"><h2 class=\"et_pb_module_header\">Gyakran Ism\u00e9telt K\u00e9rd\u00e9sek<\/h2><\/div><\/div><div class=\"et_pb_text_2 et_pb_text et_pb_bg_layout_light et_pb_module et_flex_module preset--module--divi-text--default\"><div class=\"et_pb_text_inner\"><p>Az al\u00e1bbiakban \u00f6sszegy\u0171jt\u00f6tt\u00fck a leggyakoribb k\u00e9rd\u00e9seket a l\u00e9zerter\u00e1pi\u00e1val kapcsolatban, hogy seg\u00edts\u00fcnk tiszt\u00e1zni a l\u00e1togat\u00f3k esetleges agg\u00e1lyait.<\/p>\n<\/div><\/div><div class=\"et_pb_module et_pb_button_module_wrapper et_pb_button_1_wrapper preset--module--divi-button--1bffc0fc-42a0-49d1-bd9a-ae3ade2d7206_wrapper\"><a class=\"et_pb_button_1 et_pb_button et_pb_bg_layout_light et_pb_module et_flex_module preset--module--divi-button--1bffc0fc-42a0-49d1-bd9a-ae3ade2d7206\" href=\"\">Tov\u00e1bbi inform\u00e1ci\u00f3<\/a><\/div><\/div><div class=\"et_pb_column_7 et_pb_column et_pb_column_1_2 et-last-child et_block_column et_pb_css_mix_blend_mode_passthrough preset--module--divi-column--73121f80-a3ef-4484-8763-c3f18e3c56d2\"><div class=\"et_pb_accordion_0 et_pb_accordion et_pb_module et_flex_module preset--module--divi-accordion--default\"><div class=\"et_pb_accordion_item_0 et_pb_accordion_item et_pb_toggle et_pb_module et_pb_toggle_open et_flex_module preset--module--divi-accordion-item--550abe5c-b505-4d6b-adc7-570bd7cc1217\"><h5 class=\"et_pb_toggle_title\">Hogyan m\u0171k\u00f6dik a l\u00e9zerter\u00e1pia?<\/h5><div class=\"et_pb_toggle_content et_flex_module\"><p>A l\u00e9zerter\u00e1pia alacsony intenzit\u00e1s\u00fa l\u00e9zerf\u00e9ny alkalmaz\u00e1s\u00e1val seg\u00edt cs\u00f6kkenteni a f\u00e1jdalmat \u00e9s el\u0151seg\u00edti a gy\u00f3gyul\u00e1st. A f\u00e9ny energi\u00e1ja serkenti a sejtek regener\u00e1l\u00f3d\u00e1s\u00e1t \u00e9s a v\u00e9rkering\u00e9st.<\/p>\n<\/div><\/div><div class=\"et_pb_accordion_item_1 et_pb_accordion_item et_pb_toggle et_pb_module et_pb_toggle_close et_flex_module preset--module--divi-accordion-item--550abe5c-b505-4d6b-adc7-570bd7cc1217\"><h5 class=\"et_pb_toggle_title\">Milyen probl\u00e9m\u00e1kra ny\u00fajt megold\u00e1st a l\u00e9zerter\u00e1pia?<\/h5><div class=\"et_pb_toggle_content et_flex_module\"><p>A l\u00e9zerter\u00e1pia hat\u00e9konyan alkalmazhat\u00f3 h\u00e1tf\u00e1j\u00e1s, v\u00e1llf\u00e1j\u00e1s, befagyott v\u00e1ll, \u00e9s trigger pontok kezel\u00e9s\u00e9re, valamint stressz okozta probl\u00e9m\u00e1k enyh\u00edt\u00e9s\u00e9re.<\/p>\n<\/div><\/div><div class=\"et_pb_accordion_item_2 et_pb_accordion_item et_pb_toggle et_pb_module et_pb_toggle_close et_flex_module preset--module--divi-accordion-item--550abe5c-b505-4d6b-adc7-570bd7cc1217\"><h5 class=\"et_pb_toggle_title\">Biztons\u00e1gos a l\u00e9zerter\u00e1pia?<\/h5><div class=\"et_pb_toggle_content et_flex_module\"><p>Igen, a l\u00e9zerter\u00e1pia teljesen biztons\u00e1gos, ha szakk\u00e9pzett szakember v\u00e9gzi. Nincs mell\u00e9khat\u00e1sa, \u00e9s nem invaz\u00edv m\u00f3dszer.<\/p>\n<\/div><\/div><div class=\"et_pb_accordion_item_3 et_pb_accordion_item et_pb_toggle et_pb_module et_pb_toggle_close et_flex_module preset--module--divi-accordion-item--550abe5c-b505-4d6b-adc7-570bd7cc1217\"><h5 class=\"et_pb_toggle_title\">Mennyi ideig tart egy kezel\u00e9si alkalom?<\/h5><div class=\"et_pb_toggle_content et_flex_module\"><p>Egy kezel\u00e9si alkalom \u00e1ltal\u00e1ban 15-30 percig tart, a kezelt ter\u00fclet nagys\u00e1g\u00e1t\u00f3l \u00e9s a probl\u00e9ma s\u00falyoss\u00e1g\u00e1t\u00f3l f\u00fcgg\u0151en.<\/p>\n<\/div><\/div><\/div><\/div><\/div><\/div><div class=\"et_pb_section_4 et_pb_section et_section_regular et_block_section\"><div class=\"et_pb_row_4 et_pb_row et_block_row preset--module--divi-row--5138c454-be54-4233-bd3b-f8e6a8747976\"><div class=\"et_pb_column_8 et_pb_column et_pb_column_4_4 et-last-child et_block_column et_pb_css_mix_blend_mode_passthrough preset--module--divi-column--73121f80-a3ef-4484-8763-c3f18e3c56d2\"><div class=\"et_pb_heading_4 et_pb_heading et_pb_module et_flex_module preset--module--divi-heading--default\"><div class=\"et_pb_heading_container\"><h2 class=\"et_pb_module_header\">\u00dcgyfeleink Visszajelz\u00e9sei<\/h2><\/div><\/div><\/div><\/div><div class=\"et_pb_row_5 et_pb_row et_block_row preset--module--divi-row--5138c454-be54-4233-bd3b-f8e6a8747976\"><div class=\"et_pb_column_9 et_pb_column et_pb_column_1_2 et_block_column et_pb_css_mix_blend_mode_passthrough preset--module--divi-column--73121f80-a3ef-4484-8763-c3f18e3c56d2\"><div class=\"et_pb_icon_0 et_pb_icon et_pb_module et_flex_module ai_ignore_font_icon preset--module--divi-icon--e1bb7f25-3cb3-46ff-8d8e-70235688eba8\"><span class=\"et_pb_icon_wrap\"><span class=\"et-pb-icon\">\uf10d<\/span><\/span><\/div><div class=\"et_pb_blurb_3 et_pb_blurb et_pb_bg_layout_light et_pb_blurb_position_top et_pb_module et_flex_module preset--module--divi-blurb--default\"><div class=\"et_pb_blurb_content et_flex_module\"><div class=\"et_pb_main_blurb_image\"><span class=\"et_pb_image_wrap et_pb_only_image_mode_wrap\"><img decoding=\"async\" src=\"https:\/\/waas-demo-divi.nf.hu\/wp-content\/uploads\/2026\/03\/new-portrait-7-800x800-1-1-800x800.jpg\" \/><\/span><\/div><div class=\"et_pb_blurb_container\"><h4 class=\"et_pb_module_header\">Kiv\u00e1l\u00f3 tapasztalat<\/h4><div class=\"et_pb_blurb_description\"><p>\u201eA Safe Laser demo l\u00e9zerter\u00e1pi\u00e1ja csod\u00e1latosan enyh\u00edtette a h\u00e1tf\u00e1j\u00e1somat. M\u00e1r az els\u0151 alkalom ut\u00e1n \u00e9reztem a javul\u00e1st. Nagyon h\u00e1l\u00e1s vagyok a professzion\u00e1lis \u00e9s bar\u00e1ts\u00e1gos csapatnak.\u201d - Anna K.<\/p>\n<\/div><\/div><\/div><\/div><\/div><div class=\"et_pb_column_10 et_pb_column et_pb_column_1_2 et-last-child et_block_column et_pb_css_mix_blend_mode_passthrough preset--module--divi-column--73121f80-a3ef-4484-8763-c3f18e3c56d2\"><div class=\"et_pb_icon_1 et_pb_icon et_pb_module et_flex_module ai_ignore_font_icon preset--module--divi-icon--e1bb7f25-3cb3-46ff-8d8e-70235688eba8\"><span class=\"et_pb_icon_wrap\"><span class=\"et-pb-icon\">\uf10d<\/span><\/span><\/div><div class=\"et_pb_blurb_4 et_pb_blurb et_pb_bg_layout_light et_pb_blurb_position_top et_pb_module et_flex_module preset--module--divi-blurb--default\"><div class=\"et_pb_blurb_content et_flex_module\"><div class=\"et_pb_main_blurb_image\"><span class=\"et_pb_image_wrap et_pb_only_image_mode_wrap\"><img decoding=\"async\" src=\"https:\/\/waas-demo-divi.nf.hu\/wp-content\/uploads\/2026\/03\/new-portrait-11-800x800-1-1-800x800.jpg\" \/><\/span><\/div><div class=\"et_pb_blurb_container\"><h4 class=\"et_pb_module_header\">Gyors \u00e9s hat\u00e9kony<\/h4><div class=\"et_pb_blurb_description\"><p>\u201eA v\u00e1llf\u00e1j\u00e1som miatt kerestem fel a Safe Laser demo-t, \u00e9s a kezel\u00e9s gyorsan enyh\u00edtette a f\u00e1jdalmamat. Az\u00f3ta is rendszeresen j\u00e1rok, \u00e9s sokkal jobban \u00e9rzem magam.\u201d - P\u00e9ter B.<\/p>\n<\/div><\/div><\/div><\/div><\/div><\/div><\/div><div class=\"et_pb_section_5 et_pb_section et_section_regular et_block_section\"><div class=\"et_pb_row_6 et_pb_row et_block_row preset--module--divi-row--5138c454-be54-4233-bd3b-f8e6a8747976\"><div class=\"et_pb_column_11 et_pb_column et_pb_column_4_4 et-last-child et_block_column et_pb_css_mix_blend_mode_passthrough preset--module--divi-column--73121f80-a3ef-4484-8763-c3f18e3c56d2\"><div class=\"et_pb_heading_5 et_pb_heading et_pb_module et_flex_module preset--module--divi-heading--ba4a6336-701f-47b8-bf5c-09da0ce28016\"><div class=\"et_pb_heading_container\"><h3 class=\"et_pb_module_header\">L\u00e9pjen Kapcsolatba Vel\u00fcnk!<\/h3><\/div><\/div><div class=\"et_pb_module et_pb_button_module_wrapper et_pb_button_2_wrapper preset--module--divi-button--default_wrapper\"><a class=\"et_pb_button_2 et_pb_button et_pb_bg_layout_light et_pb_module et_flex_module preset--module--divi-button--default\" href=\"\">Id\u0151pont foglal\u00e1sa<\/a><\/div><\/div><\/div><\/div>","protected":false},"excerpt":{"rendered":"","protected":false},"author":1,"featured_media":0,"parent":0,"menu_order":0,"comment_status":"closed","ping_status":"closed","template":"","meta":{"footnotes":""},"class_list":["post-17","page","type-page","status-publish","hentry"],"_links":{"self":[{"href":"https:\/\/waas-demo-divi.nf.hu\/index.php\/wp-json\/wp\/v2\/pages\/17","targetHints":{"allow":["GET"]}}],"collection":[{"href":"https:\/\/waas-demo-divi.nf.hu\/index.php\/wp-json\/wp\/v2\/pages"}],"about":[{"href":"https:\/\/waas-demo-divi.nf.hu\/index.php\/wp-json\/wp\/v2\/types\/page"}],"author":[{"embeddable":true,"href":"https:\/\/waas-demo-divi.nf.hu\/index.php\/wp-json\/wp\/v2\/users\/1"}],"replies":[{"embeddable":true,"href":"https:\/\/waas-demo-divi.nf.hu\/index.php\/wp-json\/wp\/v2\/comments?post=17"}],"version-history":[{"count":1,"href":"https:\/\/waas-demo-divi.nf.hu\/index.php\/wp-json\/wp\/v2\/pages\/17\/revisions"}],"predecessor-version":[{"id":71,"href":"https:\/\/waas-demo-divi.nf.hu\/index.php\/wp-json\/wp\/v2\/pages\/17\/revisions\/71"}],"wp:attachment":[{"href":"https:\/\/waas-demo-divi.nf.hu\/index.php\/wp-json\/wp\/v2\/media?parent=17"}],"curies":[{"name":"wp","href":"https:\/\/api.w.org\/{rel}","templated":true}]}}