{"id":9,"date":"2026-03-10T17:12:19","date_gmt":"2026-03-10T17:12:19","guid":{"rendered":"https:\/\/waas-demo-divi.nf.hu\/?page_id=9"},"modified":"2026-03-10T17:32:23","modified_gmt":"2026-03-10T17:32:23","slug":"kezdolap","status":"publish","type":"page","link":"https:\/\/waas-demo-divi.nf.hu\/","title":{"rendered":"Kezd\u0151lap"},"content":{"rendered":"<div class=\"et_pb_section_0 et_pb_section et_section_specialty et_pb_gutters3 et_block_section\"><div class=\"et_pb_row et_block_row\">\n<div class=\"et_pb_column_0 et_pb_column et_pb_column_single et_pb_column_1_2 et_block_column et_pb_css_mix_blend_mode_passthrough preset--module--divi-column--73121f80-a3ef-4484-8763-c3f18e3c56d2\">\n<div class=\"et_pb_heading_0 et_pb_heading et_clickable et_pb_module et_block_module preset--module--divi-heading--ddeb8c09-9078-4424-bc15-2efb6572e28e\"><div class=\"et_pb_heading_container\"><h1 class=\"et_pb_module_header\">Fedezd fel a l\u00e9zerter\u00e1pia erej\u00e9t a f\u00e1jdalomcsillap\u00edt\u00e1sban<\/h1><\/div><\/div>\n\n<div class=\"et_pb_text_0 et_pb_text et_pb_bg_layout_light et_pb_module et_block_module preset--module--divi-text--0504de1e-f5ff-4281-ba60-cbbe4edf98bc\"><div class=\"et_pb_text_inner\"><p>Tapasztalja meg a gyors \u00e9s hat\u00e9kony f\u00e1jdalomcsillap\u00edt\u00e1st a mozg\u00e1ssal \u00f6sszef\u00fcgg\u0151 kellemetlens\u00e9gek eset\u00e9n innovat\u00edv l\u00e9zerter\u00e1pi\u00e1s megold\u00e1sainkkal, amelyek c\u00e9lja, hogy jav\u00edts\u00e1k az \u00e1ltal\u00e1nos \u00e9letmin\u0151s\u00e9g\u00e9t.<\/p>\n<\/div><\/div>\n\n<div class=\"et_pb_module et_pb_button_module_wrapper et_pb_button_0_wrapper preset--module--divi-button--default_wrapper\"><a class=\"et_pb_button_0 et_pb_button et_pb_bg_layout_light et_pb_module et_block_module preset--module--divi-button--default\" href=\"\">Learn More<\/a><\/div>\n<\/div>\n\n<div class=\"et_pb_column_1 et_pb_column et_pb_specialty_column et_pb_column_1_2 et-last-child et_block_column et_pb_css_mix_blend_mode_passthrough\">\n<div class=\"et_pb_row_inner_0 et_pb_row_inner et_block_row preset--module--divi-row-inner--533f52f4-ee6c-4dcb-aade-f0bc088a737f\">\n<div class=\"et_pb_column_inner_0 et_pb_column_inner et_pb_column et_pb_column_4_4 et-last-child et_block_column et_pb_css_mix_blend_mode_passthrough preset--module--divi-column-inner--73121f80-a3ef-4484-8763-c3f18e3c56d2\">\n<div class=\"et_pb_heading_1 et_pb_heading et_pb_module et_block_module preset--module--divi-heading--f0c675ea-2574-4d0e-b725-30f8550a8550\"><div class=\"et_pb_heading_container\"><h4 class=\"et_pb_module_header\">Effective Solutions for Pain Management<\/h4><\/div><\/div>\n\n<div class=\"et_pb_heading_2 et_pb_heading et_pb_module et_block_module preset--module--divi-heading--ba4a6336-701f-47b8-bf5c-09da0ce28016\"><div class=\"et_pb_heading_container\"><h3 class=\"et_pb_module_header\">Transform Your Health Today<\/h3><\/div><\/div>\n\n<div class=\"et_pb_text_1 et_pb_text et_pb_bg_layout_light et_pb_module et_block_module et_pb_text_align_center preset--module--divi-text--default\"><div class=\"et_pb_text_inner\"><p>Join countless others who have found relief through our innovative laser therapy services.<\/p>\n<\/div><\/div>\n\n<div class=\"et_pb_module et_pb_button_module_wrapper et_pb_button_1_wrapper preset--module--divi-button--1bffc0fc-42a0-49d1-bd9a-ae3ade2d7206_wrapper\"><a class=\"et_pb_button_1 et_pb_button et_pb_bg_layout_light et_pb_module et_block_module preset--module--divi-button--1bffc0fc-42a0-49d1-bd9a-ae3ade2d7206\" href=\"\">Get Started<\/a><\/div>\n<\/div>\n<\/div>\n<\/div>\n<\/div><\/div>\n\n<div class=\"et_pb_section_1 et_pb_section et_section_regular et_block_section\">\n<div class=\"et_pb_row_0 et_pb_row et_block_row\">\n<div class=\"et_pb_column_2 et_pb_column et_pb_column_4_4 et-last-child et_block_column et_pb_css_mix_blend_mode_passthrough\">\n<div class=\"et_pb_heading_3 et_pb_heading et_pb_module et_block_module preset--module--divi-heading--default\"><div class=\"et_pb_heading_container\"><h2 class=\"et_pb_module_header\">Our Mission and Vision<\/h2><\/div><\/div>\n<\/div>\n<\/div>\n\n<div class=\"et_pb_row_1 et_pb_row et_block_row\">\n<div class=\"et_pb_column_3 et_pb_column et_pb_column_1_2 et_block_column et_pb_css_mix_blend_mode_passthrough\">\n<div class=\"et_pb_text_2 et_pb_text et_pb_bg_layout_light et_pb_module et_block_module preset--module--divi-text--default\"><div class=\"et_pb_text_inner\"><p>At Safe Laser demo, we are dedicated to enhancing well-being through cutting-edge laser therapy. Our mission is to provide effective pain relief solutions for individuals suffering from movement-related issues such as back pain and frozen shoulder. With a commitment to innovation and care, we aim to improve the quality of life for our clients.<\/p>\n<\/div><\/div>\n<\/div>\n\n<div class=\"et_pb_column_4 et_pb_column et_pb_column_1_2 et-last-child et_block_column et_pb_css_mix_blend_mode_passthrough\">\n<div class=\"et_pb_text_3 et_pb_text et_pb_bg_layout_light et_pb_module et_block_module preset--module--divi-text--default\"><div class=\"et_pb_text_inner\"><p>Founded on the principles of health and innovation, Safe Laser demo has been at the forefront of laser therapy services. Our team of experts is passionate about using light technology to promote healing and alleviate pain, ensuring that each client receives personalized and effective treatment.<\/p>\n<\/div><\/div>\n<\/div>\n<\/div>\n<\/div>\n\n<div class=\"et_pb_section_2 et_pb_section et_section_regular et_block_section\">\n<div class=\"et_pb_row_2 et_pb_row et_block_row preset--module--divi-row--5138c454-be54-4233-bd3b-f8e6a8747976\">\n<div class=\"et_pb_column_5 et_pb_column et_pb_column_4_4 et-last-child et_block_column et_pb_css_mix_blend_mode_passthrough preset--module--divi-column--73121f80-a3ef-4484-8763-c3f18e3c56d2\">\n<div class=\"et_pb_heading_4 et_pb_heading et_pb_module et_block_module preset--module--divi-heading--default\"><div class=\"et_pb_heading_container\"><h2 class=\"et_pb_module_header\">Our Laser Therapy Services<\/h2><\/div><\/div>\n<\/div>\n<\/div>\n\n<div class=\"et_pb_row_3 et_pb_row et_pb_row_4col et_block_row et_block_row_4col preset--module--divi-row--5138c454-be54-4233-bd3b-f8e6a8747976\">\n<div class=\"et_pb_column_6 et_pb_column et_pb_column_1_4 et_block_column et_pb_css_mix_blend_mode_passthrough preset--module--divi-column--73121f80-a3ef-4484-8763-c3f18e3c56d2\">\n<div class=\"et_pb_blurb_0 et_pb_blurb et_pb_bg_layout_light et_pb_text_align_center et_pb_blurb_position_top et_pb_module et_block_module preset--module--divi-blurb--212b201d-2c34-41bd-936c-851b7357d08b\"><div class=\"et_pb_blurb_content\"><div class=\"et_pb_main_blurb_image\"><span class=\"et_pb_image_wrap\"><span class=\"et-pb-icon\">\uf0fa<\/span><\/span><\/div><div class=\"et_pb_blurb_container\"><h4 class=\"et_pb_module_header\">Back Pain Relief Therapy<\/h4><div class=\"et_pb_blurb_description\"><p>Our specialized laser therapy targets back pain, providing quick and effective relief to help you regain mobility and comfort.<\/p>\n<\/div><\/div><\/div><\/div>\n<\/div>\n\n<div class=\"et_pb_column_7 et_pb_column et_pb_column_1_4 et_block_column et_pb_css_mix_blend_mode_passthrough preset--module--divi-column--73121f80-a3ef-4484-8763-c3f18e3c56d2\">\n<div class=\"et_pb_blurb_1 et_pb_blurb et_pb_bg_layout_light et_pb_text_align_center et_pb_blurb_position_top et_pb_module et_block_module preset--module--divi-blurb--212b201d-2c34-41bd-936c-851b7357d08b\"><div class=\"et_pb_blurb_content\"><div class=\"et_pb_main_blurb_image\"><span class=\"et_pb_image_wrap\"><span class=\"et-pb-icon\">\uf259<\/span><\/span><\/div><div class=\"et_pb_blurb_container\"><h4 class=\"et_pb_module_header\">Frozen Shoulder Treatment<\/h4><div class=\"et_pb_blurb_description\"><p>Experience the benefits of our laser therapy designed to alleviate the pain and stiffness associated with frozen shoulder, promoting better movement.<\/p>\n<\/div><\/div><\/div><\/div>\n<\/div>\n\n<div class=\"et_pb_column_8 et_pb_column et_pb_column_1_4 et_block_column et_pb_css_mix_blend_mode_passthrough preset--module--divi-column--73121f80-a3ef-4484-8763-c3f18e3c56d2\">\n<div class=\"et_pb_blurb_2 et_pb_blurb et_pb_bg_layout_light et_pb_text_align_center et_pb_blurb_position_top et_pb_module et_block_module preset--module--divi-blurb--212b201d-2c34-41bd-936c-851b7357d08b\"><div class=\"et_pb_blurb_content\"><div class=\"et_pb_main_blurb_image\"><span class=\"et_pb_image_wrap\"><span class=\"et-pb-icon\">\uf5ae<\/span><\/span><\/div><div class=\"et_pb_blurb_container\"><h4 class=\"et_pb_module_header\">Trigger Point Release<\/h4><div class=\"et_pb_blurb_description\"><p>Utilize our laser therapy to painlessly release trigger points, reducing muscle tension and improving overall flexibility.<\/p>\n<\/div><\/div><\/div><\/div>\n<\/div>\n\n<div class=\"et_pb_column_9 et_pb_column et_pb_column_1_4 et-last-child et_block_column et_pb_css_mix_blend_mode_passthrough preset--module--divi-column--73121f80-a3ef-4484-8763-c3f18e3c56d2\">\n<div class=\"et_pb_blurb_3 et_pb_blurb et_pb_bg_layout_light et_pb_text_align_center et_pb_blurb_position_top et_pb_module et_block_module preset--module--divi-blurb--212b201d-2c34-41bd-936c-851b7357d08b\"><div class=\"et_pb_blurb_content\"><div class=\"et_pb_main_blurb_image\"><span class=\"et_pb_image_wrap\"><span class=\"et-pb-icon\">\ue012<\/span><\/span><\/div><div class=\"et_pb_blurb_container\"><h4 class=\"et_pb_module_header\">Stress Relief Solutions<\/h4><div class=\"et_pb_blurb_description\"><p>Our comprehensive approach includes laser therapy combined with stress management techniques to address and alleviate stress-related pain.<\/p>\n<\/div><\/div><\/div><\/div>\n<\/div>\n<\/div>\n<\/div>\n\n<div class=\"et_pb_section_3 et_pb_section et_section_regular et_block_section\">\n<div class=\"et_pb_row_4 et_pb_row et_block_row preset--module--divi-row--5138c454-be54-4233-bd3b-f8e6a8747976\">\n<div class=\"et_pb_column_10 et_pb_column et_pb_column_2_5 et_block_column et_pb_css_mix_blend_mode_passthrough preset--module--divi-column--73121f80-a3ef-4484-8763-c3f18e3c56d2\">\n<div class=\"et_pb_heading_5 et_pb_heading et_pb_module et_block_module preset--module--divi-heading--f0c675ea-2574-4d0e-b725-30f8550a8550\"><div class=\"et_pb_heading_container\"><h4 class=\"et_pb_module_header\">A l\u00e9zer ter\u00e1pia el\u0151nyei<\/h4><\/div><\/div>\n\n<div class=\"et_pb_heading_6 et_pb_heading et_pb_module et_block_module preset--module--divi-heading--default\"><div class=\"et_pb_heading_container\"><h2 class=\"et_pb_module_header\">Hat\u00e9kony f\u00e1jdalomcsillap\u00edt\u00e1s<\/h2><\/div><\/div>\n\n<div class=\"et_pb_text_4 et_pb_text et_pb_bg_layout_light et_pb_module et_block_module preset--module--divi-text--default\"><div class=\"et_pb_text_inner\"><p>A Safe Laser demo l\u00e9zer ter\u00e1pi\u00e1ja gyors \u00e9s hat\u00e9kony megold\u00e1st ny\u00fajt a h\u00e1tf\u00e1j\u00e1s \u00e9s a befagyott v\u00e1ll kezel\u00e9s\u00e9re. A f\u00e9nyter\u00e1pia serkenti a v\u00e9rkering\u00e9st, cs\u00f6kkenti a gyullad\u00e1st, \u00e9s seg\u00edt a f\u00e1jdalommentes mozg\u00e1s visszanyer\u00e9s\u00e9ben. A kezel\u00e9s sor\u00e1n alkalmazott l\u00e9zerf\u00e9ny m\u00e9lyen behatol a sz\u00f6vetekbe, ez\u00e1ltal el\u0151seg\u00edtve a sejtek regener\u00e1l\u00f3d\u00e1s\u00e1t \u00e9s a f\u00e1jdalom cs\u00f6kkent\u00e9s\u00e9t.<\/p>\n<\/div><\/div>\n<\/div>\n\n<div class=\"et_pb_column_11 et_pb_column et_pb_column_3_5 et-last-child et_block_column et_pb_css_mix_blend_mode_passthrough preset--module--divi-column--73121f80-a3ef-4484-8763-c3f18e3c56d2\">\n<div class=\"et_pb_image_0 et_pb_image et_pb_module et_block_module preset--module--divi-image--6ed8fd5c-62c5-4100-98c3-7b8b6d2c2ee6\"><span class=\"et_pb_image_wrap\"><img decoding=\"async\" src=\"https:\/\/waas-demo-divi.nf.hu\/wp-content\/uploads\/2026\/03\/0-97f13fdf-afc8-44e4-8605-aa00b55936ce-800x600.jpg\" title=\"800x600\" \/><\/span><\/div>\n<\/div>\n<\/div>\n<\/div>\n\n<div class=\"et_pb_section_4 et_pb_section et_section_regular et_block_section\">\n<div class=\"et_pb_row_5 et_pb_row et_block_row preset--module--divi-row--5138c454-be54-4233-bd3b-f8e6a8747976\">\n<div class=\"et_pb_column_12 et_pb_column et_pb_column_4_4 et-last-child et_block_column et_pb_css_mix_blend_mode_passthrough preset--module--divi-column--73121f80-a3ef-4484-8763-c3f18e3c56d2\">\n<div class=\"et_pb_heading_7 et_pb_heading et_pb_module et_block_module preset--module--divi-heading--default\"><div class=\"et_pb_heading_container\"><h2 class=\"et_pb_module_header\">\u00dcgyfeleink v\u00e9lem\u00e9nye<\/h2><\/div><\/div>\n<\/div>\n<\/div>\n\n<div class=\"et_pb_row_6 et_pb_row et_block_row preset--module--divi-row--5138c454-be54-4233-bd3b-f8e6a8747976\">\n<div class=\"et_pb_column_13 et_pb_column et_pb_column_1_3 et_block_column et_pb_css_mix_blend_mode_passthrough preset--module--divi-column--73121f80-a3ef-4484-8763-c3f18e3c56d2\">\n<div class=\"et_pb_testimonial_0 et_pb_testimonial et_pb_testimonial_no_image et_pb_bg_layout_light et_pb_text_align_center et_pb_module et_block_module ai_ignore_font_icon preset--module--divi-testimonial--92d621dc-61cf-4898-af8d-b1d4c267456b\"><div class=\"et_pb_testimonial_inner\"><div class=\"et_pb_testimonial_description\"><div class=\"et_pb_testimonial_description_inner\"><div class=\"et_pb_testimonial_content\"><p>&#8222;A Safe Laser demo kezel\u00e9sei ut\u00e1n v\u00e9gre \u00fajra f\u00e1jdalommentesen tudok mozogni. A h\u00e1tf\u00e1j\u00e1som jelent\u0151sen cs\u00f6kkent, \u00e9s a mindennapi tev\u00e9kenys\u00e9geim sokkal k\u00f6nnyebb\u00e9 v\u00e1ltak.&#8221;<\/p>\n<\/div><\/div><div class=\"et_pb_testimonial_author\">Kov\u00e1cs Anna<\/div><div class=\"et_pb_testimonial_meta\"><\/div><\/div><\/div><\/div>\n\n<div class=\"et_pb_testimonial_1 et_pb_testimonial et_pb_testimonial_no_image et_pb_bg_layout_light et_pb_text_align_center et_pb_module et_block_module ai_ignore_font_icon preset--module--divi-testimonial--92d621dc-61cf-4898-af8d-b1d4c267456b\"><div class=\"et_pb_testimonial_inner\"><div class=\"et_pb_testimonial_description\"><div class=\"et_pb_testimonial_description_inner\"><div class=\"et_pb_testimonial_content\"><p>&#8222;A l\u00e9zer ter\u00e1pia csod\u00e1kra k\u00e9pes! A befagyott v\u00e1llam miatt m\u00e1r alig tudtam emelni a karomat, de a kezel\u00e9sek ut\u00e1n \u00fajra teljes mozg\u00e1startom\u00e1nyban tudom haszn\u00e1lni.&#8221;<\/p>\n<\/div><\/div><div class=\"et_pb_testimonial_author\">Nagy P\u00e9ter<\/div><div class=\"et_pb_testimonial_meta\"><\/div><\/div><\/div><\/div>\n<\/div>\n\n<div class=\"et_pb_column_14 et_pb_column et_pb_column_1_3 et_block_column et_pb_css_mix_blend_mode_passthrough preset--module--divi-column--73121f80-a3ef-4484-8763-c3f18e3c56d2\">\n<div class=\"et_pb_testimonial_2 et_pb_testimonial et_pb_testimonial_no_image et_pb_bg_layout_light et_pb_text_align_center et_pb_module et_block_module ai_ignore_font_icon preset--module--divi-testimonial--92d621dc-61cf-4898-af8d-b1d4c267456b\"><div class=\"et_pb_testimonial_inner\"><div class=\"et_pb_testimonial_description\"><div class=\"et_pb_testimonial_description_inner\"><div class=\"et_pb_testimonial_content\"><p>&#8222;A Safe Laser demo szak\u00e9rt\u0151i csapata seg\u00edtett megszabadulni a kr\u00f3nikus h\u00e1tf\u00e1j\u00e1somt\u00f3l. A kezel\u00e9sek k\u00e9nyelmesek \u00e9s hat\u00e9konyak voltak.&#8221;<\/p>\n<\/div><\/div><div class=\"et_pb_testimonial_author\">Szab\u00f3 \u00c9va<\/div><div class=\"et_pb_testimonial_meta\"><\/div><\/div><\/div><\/div>\n\n<div class=\"et_pb_testimonial_3 et_pb_testimonial et_pb_testimonial_no_image et_pb_bg_layout_light et_pb_text_align_center et_pb_module et_block_module ai_ignore_font_icon preset--module--divi-testimonial--92d621dc-61cf-4898-af8d-b1d4c267456b\"><div class=\"et_pb_testimonial_inner\"><div class=\"et_pb_testimonial_description\"><div class=\"et_pb_testimonial_description_inner\"><div class=\"et_pb_testimonial_content\"><p>&#8222;Nagyon h\u00e1l\u00e1s vagyok a Safe Laser demo-nak. A l\u00e9zer ter\u00e1pia nemcsak a f\u00e1jdalmamat cs\u00f6kkentette, hanem az \u00e9letmin\u0151s\u00e9gemet is jav\u00edtotta.&#8221;<\/p>\n<\/div><\/div><div class=\"et_pb_testimonial_author\">T\u00f3th L\u00e1szl\u00f3<\/div><div class=\"et_pb_testimonial_meta\"><\/div><\/div><\/div><\/div>\n<\/div>\n\n<div class=\"et_pb_column_15 et_pb_column et_pb_column_1_3 et-last-child et_block_column et_pb_css_mix_blend_mode_passthrough preset--module--divi-column--73121f80-a3ef-4484-8763-c3f18e3c56d2\">\n<div class=\"et_pb_testimonial_4 et_pb_testimonial et_pb_testimonial_no_image et_pb_bg_layout_light et_pb_text_align_center et_pb_module et_block_module ai_ignore_font_icon preset--module--divi-testimonial--92d621dc-61cf-4898-af8d-b1d4c267456b\"><div class=\"et_pb_testimonial_inner\"><div class=\"et_pb_testimonial_description\"><div class=\"et_pb_testimonial_description_inner\"><div class=\"et_pb_testimonial_content\"><p>&#8222;A l\u00e9zer ter\u00e1pia r\u00e9v\u00e9n v\u00e9gre \u00fajra \u00e9lvezhetem a sportot, amit a v\u00e1llf\u00e1jdalmaim miatt m\u00e1r majdnem feladtam. K\u00f6sz\u00f6n\u00f6m a Safe Laser demo-nak!&#8221;<\/p>\n<\/div><\/div><div class=\"et_pb_testimonial_author\">Horv\u00e1th Zsuzsa<\/div><div class=\"et_pb_testimonial_meta\"><\/div><\/div><\/div><\/div>\n\n<div class=\"et_pb_testimonial_5 et_pb_testimonial et_pb_testimonial_no_image et_pb_bg_layout_light et_pb_text_align_center et_pb_module et_block_module ai_ignore_font_icon preset--module--divi-testimonial--92d621dc-61cf-4898-af8d-b1d4c267456b\"><div class=\"et_pb_testimonial_inner\"><div class=\"et_pb_testimonial_description\"><div class=\"et_pb_testimonial_description_inner\"><div class=\"et_pb_testimonial_content\"><p>&#8222;A Safe Laser demo kezel\u00e9sei ut\u00e1n a stressz okozta izomfesz\u00fclts\u00e9gem is jelent\u0151sen cs\u00f6kkent. Aj\u00e1nlom mindenkinek, aki hasonl\u00f3 probl\u00e9m\u00e1kkal k\u00fczd.&#8221;<\/p>\n<\/div><\/div><div class=\"et_pb_testimonial_author\">Varga Tam\u00e1s<\/div><div class=\"et_pb_testimonial_meta\"><\/div><\/div><\/div><\/div>\n<\/div>\n<\/div>\n<\/div>\n\n<div class=\"et_pb_section_5 et_pb_section et_section_regular et_block_section\">\n<div class=\"et_pb_row_7 et_pb_row et_block_row preset--module--divi-row--5138c454-be54-4233-bd3b-f8e6a8747976\">\n<div class=\"et_pb_column_16 et_pb_column et_pb_column_4_4 et-last-child et_block_column et_pb_css_mix_blend_mode_passthrough preset--module--divi-column--73121f80-a3ef-4484-8763-c3f18e3c56d2\">\n<div class=\"et_pb_heading_8 et_pb_heading et_pb_module et_block_module preset--module--divi-heading--default\"><div class=\"et_pb_heading_container\"><h2 class=\"et_pb_module_header\">Leg\u00fajabb bejegyz\u00e9seink<\/h2><\/div><\/div>\n\n<div class=\"et_pb_post_slider_0 et_pb_post_slider et_pb_bg_layout_dark et_pb_slider et_pb_slider_fullwidth_off et_pb_post_slider_image_background et_pb_slider_with_overlay et_pb_slider_with_text_overlay et_pb_module et_block_module preset--module--divi-post-slider--default\"><div class=\"et_pb_slides\"><div class=\"et_pb_slide et_pb_slide_with_no_image et_pb_post_slide-1\" style=\"background-image:\"><div class=\"et_pb_slide_overlay_container\"><\/div><div class=\"et_pb_container clearfix\"><div class=\"et_pb_slider_container_inner\"><div class=\"et_pb_slide_description\"><div class=\"et_pb_text_overlay_wrapper\"><h2 class=\"et_pb_slide_title\"><a href=\"https:\/\/waas-demo-divi.nf.hu\/index.php\/2026\/03\/05\/hello-world\/\">Hello world!<\/a><\/h2><div class=\"et_pb_slide_content\"><p class=\"post-meta\">Szerz\u0151: <span class=\"author vcard\"><a href=\"https:\/\/waas-demo-divi.nf.hu\/index.php\/author\/axonadmin\/\" title=\"Bejegyz\u00e9sek admin szerz\u0151t\u0151l\" rel=\"author\">admin<\/a><\/span> | <span class=\"published\">m\u00e1rcius 5, 2026<\/span> | <a href=\"https:\/\/waas-demo-divi.nf.hu\/index.php\/category\/uncategorized\/\" rel=\"category tag\">Uncategorized<\/a> | 1 hozz\u00e1sz\u00f3l\u00e1s<\/p><div class=\"et_pb_slide_content_body\"><p>Welcome to WordPress. This is your first post. Edit or delete it, then start writing!<\/p>\n<\/div><\/div><\/div><div class=\"et_pb_button_wrapper\"><a class=\"et_pb_button et_pb_more_button\" href=\"https:\/\/waas-demo-divi.nf.hu\/index.php\/2026\/03\/05\/hello-world\/\">Read More<\/a><\/div><\/div><\/div><\/div><\/div><\/div><\/div>\n<\/div>\n<\/div>\n\n<div class=\"et_pb_row_8 et_pb_row et_block_row preset--module--divi-row--5138c454-be54-4233-bd3b-f8e6a8747976\">\n<div class=\"et_pb_column_17 et_pb_column et_pb_column_4_4 et-last-child et_block_column et_pb_css_mix_blend_mode_passthrough preset--module--divi-column--73121f80-a3ef-4484-8763-c3f18e3c56d2\">\n<div class=\"et_pb_blog_0 et_pb_blog et_pb_bg_layout_light et_pb_posts et_pb_module preset--module--divi-blog--default\"><div class=\"et_pb_ajax_pagination_container\"><div class=\"et_pb_posts et_grid_module\"><article class=\"et_pb_post et_pb_post_id_1 clearfix et_pb_no_thumb et_pb_blog_item_0_0 post-1 post type-post status-publish format-standard hentry category-uncategorized\"><h2 class=\"entry-title\"><a href=\"https:\/\/waas-demo-divi.nf.hu\/index.php\/2026\/03\/05\/hello-world\/\">Hello world!<\/a><\/h2><p class=\"post-meta\"><span class=\"published\">m\u00e1rc 5, 2026<\/span> | <span class=\"entry-categories\"><a href=\"https:\/\/waas-demo-divi.nf.hu\/index.php\/category\/uncategorized\/\" rel=\"tag\">Uncategorized<\/a><\/span><\/p><div class=\"post-content\"><div class=\"post-content-inner\"><p>Welcome to WordPress. This is your first post. Edit or delete it, then start writing!<\/p>\n<\/div><a href=\"https:\/\/waas-demo-divi.nf.hu\/index.php\/2026\/03\/05\/hello-world\/\" class=\"more-link\">tov\u00e1bb&#8230;<\/a><\/div><\/article><\/div><div class=\"pagination clearfix\">\n\t<div class=\"alignleft\"><\/div>\n\t<div class=\"alignright\"><\/div>\n<\/div><\/div><\/div>\n<\/div>\n<\/div>\n<\/div>\n\n<div class=\"et_pb_section_6 et_pb_section et_section_regular et_block_section\">\n<div class=\"et_pb_row_9 et_pb_row et_block_row preset--module--divi-row--333b8a65-5730-490d-b80e-51611171c668\">\n<div class=\"et_pb_column_18 et_pb_column et_pb_column_3_5 et_block_column et_pb_css_mix_blend_mode_passthrough preset--module--divi-column--73121f80-a3ef-4484-8763-c3f18e3c56d2\">\n<div class=\"et_pb_heading_9 et_pb_heading et_pb_module et_block_module preset--module--divi-heading--default\"><div class=\"et_pb_heading_container\"><h2 class=\"et_pb_module_header\">Foglaljon Konzult\u00e1ci\u00f3t Most<\/h2><\/div><\/div>\n\n<div class=\"et_pb_text_5 et_pb_text et_pb_bg_layout_light et_pb_module et_block_module preset--module--divi-text--0504de1e-f5ff-4281-ba60-cbbe4edf98bc\"><div class=\"et_pb_text_inner\"><p>Fedezze fel, hogyan seg\u00edthet a l\u00e9zerter\u00e1pia a mozg\u00e1ssal kapcsolatos f\u00e1jdalmak enyh\u00edt\u00e9s\u00e9ben. Foglaljon id\u0151pontot szak\u00e9rt\u0151inkhez, \u00e9s l\u00e9pjen a f\u00e1jdalommentes \u00e9let \u00fatj\u00e1ra!<\/p>\n<\/div><\/div>\n<\/div>\n\n<div class=\"et_pb_column_19 et_pb_column et_pb_column_2_5 et-last-child et_block_column et_pb_css_mix_blend_mode_passthrough preset--module--divi-column--73121f80-a3ef-4484-8763-c3f18e3c56d2\">\n<div class=\"et_pb_module et_pb_button_module_wrapper et_pb_button_2_wrapper preset--module--divi-button--default_wrapper\"><a class=\"et_pb_button_2 et_pb_button et_pb_bg_layout_light et_pb_module et_block_module preset--module--divi-button--default\" href=\"\">Tudjon Meg T\u00f6bbet<\/a><\/div>\n<\/div>\n<\/div>\n<\/div>","protected":false},"excerpt":{"rendered":"","protected":false},"author":1,"featured_media":0,"parent":0,"menu_order":0,"comment_status":"closed","ping_status":"closed","template":"","meta":{"footnotes":""},"class_list":["post-9","page","type-page","status-publish","hentry"],"_links":{"self":[{"href":"https:\/\/waas-demo-divi.nf.hu\/index.php\/wp-json\/wp\/v2\/pages\/9","targetHints":{"allow":["GET"]}}],"collection":[{"href":"https:\/\/waas-demo-divi.nf.hu\/index.php\/wp-json\/wp\/v2\/pages"}],"about":[{"href":"https:\/\/waas-demo-divi.nf.hu\/index.php\/wp-json\/wp\/v2\/types\/page"}],"author":[{"embeddable":true,"href":"https:\/\/waas-demo-divi.nf.hu\/index.php\/wp-json\/wp\/v2\/users\/1"}],"replies":[{"embeddable":true,"href":"https:\/\/waas-demo-divi.nf.hu\/index.php\/wp-json\/wp\/v2\/comments?post=9"}],"version-history":[{"count":4,"href":"https:\/\/waas-demo-divi.nf.hu\/index.php\/wp-json\/wp\/v2\/pages\/9\/revisions"}],"predecessor-version":[{"id":89,"href":"https:\/\/waas-demo-divi.nf.hu\/index.php\/wp-json\/wp\/v2\/pages\/9\/revisions\/89"}],"wp:attachment":[{"href":"https:\/\/waas-demo-divi.nf.hu\/index.php\/wp-json\/wp\/v2\/media?parent=9"}],"curies":[{"name":"wp","href":"https:\/\/api.w.org\/{rel}","templated":true}]}}